{"id":459,"date":"2025-02-20T10:06:53","date_gmt":"2025-02-20T10:06:53","guid":{"rendered":"https:\/\/hohenloher-landgockel.de\/?page_id=459"},"modified":"2026-03-13T17:28:21","modified_gmt":"2026-03-13T17:28:21","slug":"wir-liefern-auch","status":"publish","type":"page","link":"https:\/\/gefluegelvombrunnenhof.de\/index.php\/wir-liefern-auch\/","title":{"rendered":"Wir liefern auch!"},"content":{"rendered":"<div class=\"wpb-content-wrapper\"><p>[vc_row][vc_column width=&#8220;1\/2&#8243;]<div class=\"ult-spacer spacer-69e62cc15379b\" data-id=\"69e62cc15379b\" data-height=\"20\" data-height-mobile=\"20\" data-height-tab=\"20\" data-height-tab-portrait=\"\" data-height-mobile-landscape=\"\" style=\"clear:both;display:block;\"><\/div><div class=\"ult-spacer spacer-69e62cc1537b8\" data-id=\"69e62cc1537b8\" data-height=\"20\" data-height-mobile=\"20\" data-height-tab=\"20\" data-height-tab-portrait=\"\" data-height-mobile-landscape=\"\" style=\"clear:both;display:block;\"><\/div>[vc_single_image image=&#8220;469&#8243; img_size=&#8220;medium&#8220; alignment=&#8220;center&#8220; css=&#8220;&#8220;][\/vc_column][vc_column width=&#8220;1\/2&#8243;][vc_single_image image=&#8220;476&#8243; img_size=&#8220;medium&#8220; alignment=&#8220;center&#8220; css=&#8220;&#8220;][\/vc_column][\/vc_row][vc_row][vc_column width=&#8220;1\/2&#8243;][vc_column_text css=&#8220;&#8220;]<\/p>\n<h3 style=\"text-align: center;\">Unsere Hohenlohe-Tour<\/h3>\n<p>[\/vc_column_text][vc_column_text css=&#8220;&#8220;]<\/p>\n<p style=\"text-align: center;\">\ud83d\udeaa Wir bringen euch unser Gefl\u00fcgel bis vor die Haust\u00fcre! Ganz einfach, unkompliziert und direkt.<\/p>\n<p style=\"text-align: center;\">\ud83d\ude9a Die Lieferung findet in einem Umkreis von maximal 30 km statt. Bei der Bestellung \u00fcber unseren <a href=\"https:\/\/brunnenhof-laden.friedhold.de\/\" target=\"_blank\" rel=\"noopener\">Online-Hofladen<\/a> wird euch angezeigt, ob eure Adresse f\u00fcr eine Auslieferung in Frage kommt. Bei der direkten Bestellung bei uns teilen wir euch mit, ob eine Auslieferung durch uns m\u00f6glich ist.<\/p>\n<p style=\"text-align: center;\">\ud83d\udce6 Wir liefern unser Gefl\u00fcgel in gek\u00fchlten Pfandboxen, die wir im Rahmen eines Tauschsystems wieder mitnehmen. Entweder bei der n\u00e4chsten Bestellung oder direkt bei Auslieferung. Damit k\u00f6nnen wir euch auch beliefern wenn ihr nicht zuhause seid und lassen die Boxen an einem vereinbarten und geeigneten Ablageort f\u00fcr euch stehen.<\/p>\n<p style=\"text-align: center;\">\ud83d\udcc5 Die Liefertermine sind w\u00f6chentlich am Mittwoch. Wichtig: Wenn an diesem Tag niemand bei euch zuhause ist, gebt uns unbedingt Bescheid, damit wir einen geeigneten Ablageort vereinbaren k\u00f6nnen!<\/p>\n<p>[\/vc_column_text][vc_tta_tabs shape=&#8220;square&#8220; color=&#8220;blue&#8220; alignment=&#8220;center&#8220; active_section=&#8220;1&#8243;][vc_tta_section title=&#8220;\ud83d\udccd 10 km Umkreis&#8220; tab_id=&#8220;1741547514783-1f9f544b-8d3e&#8220;][vc_column_text css=&#8220;&#8220;]<\/p>\n<p style=\"text-align: center;\">Die Transportkosten f\u00fcr eine Lieferung im Umkreis von 10 km belaufen sich auf 6,99 \u20ac. Einen Mindestbestellwert gibt es nicht.<\/p>\n<p>[\/vc_column_text][\/vc_tta_section][vc_tta_section title=&#8220;\ud83d\udccd 20 km Umkreis&#8220; tab_id=&#8220;1741547590702-389b1dea-a233&#8243;][vc_column_text css=&#8220;&#8220;]<\/p>\n<p style=\"text-align: center;\">Die Transportkosten f\u00fcr eine Lieferung im Umkreis von 20 km belaufen sich auf 7,99 \u20ac. Der Mindestbestellwert liegt bei 49 \u20ac.<\/p>\n<p>[\/vc_column_text][\/vc_tta_section][\/vc_tta_tabs][\/vc_column][vc_column width=&#8220;1\/2&#8243;][vc_column_text css=&#8220;&#8220;]<\/p>\n<h3 style=\"text-align: center;\">Unsere gek\u00fchlten Postpakete<\/h3>\n<p>[\/vc_column_text][vc_column_text css=&#8220;&#8220;]<\/p>\n<p style=\"text-align: center;\">\u26a1 Wir liefern per Express Service von DPD oder DHL innerhalb von 24 Stunden ab Versendung.<\/p>\n<p style=\"text-align: center;\">\ud83d\udce7 Ihr k\u00f6nnt deutschlandweit bestellen, entweder \u00fcber den Online-Hofladen oder bei uns direkt per Mail.<\/p>\n<p style=\"text-align: center;\">\ud83d\udce6 Angeliefert wird unser Gefl\u00fcgel in einem gek\u00fchlten Postpaket, das nachhaltiges Isoliermaterial aus Stroh und wieder verwendbare K\u00fchlakkus enth\u00e4lt. Wir empfehlen, das Gefl\u00fcgel pers\u00f6nlich entgegenzunehmen. Sollte das nicht m\u00f6glich sein, kann mit dem Versandunternehmen auch ein Ablageort vereinbart werden. Bitte achtet darauf, dass dieser k\u00fchl und schattig ist. Unsere Pakete sind f\u00fcr eine K\u00fchldauer von maximal 36 Stunden ausgelegt.<\/p>\n<p style=\"text-align: center;\">\ud83d\udcc5 Der Versand findet in der Regel mittwochs statt, sodass euer Paket am Donnerstag bei euch ankommt. Ihr werdet vom Versandunternehmen per Mail sowohl \u00fcber die Sendungserstellung als auch den Versand unterrichtet.<\/p>\n<p style=\"text-align: center;\">Die Versandkosten f\u00fcr unsere gek\u00fchlten Postpakete belaufen sich auf 9,90-13,90 \u20ac. Je nach Gesamtgewicht eurer Bestellung. Inkludiert sind hier schon die Verpackungskosten, die wieder verwendbaren K\u00fchlakkus und die Zustellung innerhalb 24 Stunden per Express-Service. Da es sich bei unserem Gefl\u00fcgel um temperaturempfindliche Ware handelt, versenden wir unsere Pakete ausschlie\u00dflich per Express und nicht per Standardversand. Es ist unser h\u00f6chstes Anliegen, eine ununterbrochene K\u00fchlkette zu gew\u00e4hrleisten.<\/p>\n<p>[\/vc_column_text][\/vc_column][\/vc_row][vc_row][vc_column][vc_column_text css=&#8220;&#8220;]<\/p>\n<p style=\"text-align: center;\">Wenn ihr euch nicht sicher seid, ob eure Adresse noch in unseren Lieferumkreis f\u00e4llt, meldet euch gerne auch telefonisch.<\/p>\n<p>[\/vc_column_text][\/vc_column][\/vc_row][vc_row][vc_column width=&#8220;1\/3&#8243;][vc_single_image image=&#8220;465&#8243; img_size=&#8220;medium&#8220; alignment=&#8220;center&#8220; css=&#8220;&#8220;][\/vc_column][vc_column width=&#8220;1\/3&#8243;][vc_single_image image=&#8220;478&#8243; img_size=&#8220;medium&#8220; alignment=&#8220;center&#8220; css=&#8220;&#8220;][\/vc_column][vc_column width=&#8220;1\/3&#8243;][vc_single_image image=&#8220;477&#8243; img_size=&#8220;medium&#8220; alignment=&#8220;center&#8220; css=&#8220;&#8220;][\/vc_column][\/vc_row][vc_row][vc_column][vc_column_text css=&#8220;&#8220;]<\/p>\n<h3><\/h3>\n<h3 style=\"text-align: center;\"><a href=\"https:\/\/gefluegelvombrunnenhof.de\/wp-content\/uploads\/2025\/06\/EV_brutto_ab-07_25.pdf\">Hier<\/a> geht\u00b4s zu unserer <a href=\"https:\/\/gefluegelvombrunnenhof.de\/wp-content\/uploads\/2025\/06\/EV_brutto_ab-07_25.pdf\">Produktliste<\/a>!<\/h3>\n<p>[\/vc_column_text][\/vc_column][\/vc_row]<\/p>\n<\/div>","protected":false},"excerpt":{"rendered":"<p>[vc_row][vc_column width=&#8220;1\/2&#8243;][vc_single_image image=&#8220;469&#8243; img_size=&#8220;medium&#8220; alignment=&#8220;center&#8220; css=&#8220;&#8220;][\/vc_column][vc_column width=&#8220;1\/2&#8243;][vc_single_image image=&#8220;476&#8243; img_size=&#8220;medium&#8220; alignment=&#8220;center&#8220; css=&#8220;&#8220;][\/vc_column][\/vc_row][vc_row][vc_column width=&#8220;1\/2&#8243;][vc_column_text css=&#8220;&#8220;] Unsere Hohenlohe-Tour [\/vc_column_text][vc_column_text css=&#8220;&#8220;] \ud83d\udeaa Wir bringen euch unser Gefl\u00fcgel bis vor die Haust\u00fcre! Ganz einfach, unkompliziert und direkt. \ud83d\ude9a Die Lieferung findet in einem Umkreis von maximal 30 km statt. Bei der Bestellung \u00fcber unseren Online-Hofladen wird euch angezeigt, ob eure Adresse f\u00fcr eine Auslieferung in Frage kommt. Bei der direkten Bestellung bei uns teilen wir euch mit, ob eine Auslieferung durch uns m\u00f6glich ist. \ud83d\udce6 Wir liefern unser Gefl\u00fcgel in gek\u00fchlten Pfandboxen, die wir im Rahmen eines Tauschsystems wieder mitnehmen. Entweder bei der n\u00e4chsten Bestellung oder direkt bei Auslieferung. Damit k\u00f6nnen wir euch auch beliefern wenn ihr nicht zuhause seid und lassen die Boxen an einem vereinbarten und geeigneten Ablageort f\u00fcr euch stehen. \ud83d\udcc5 Die Liefertermine sind w\u00f6chentlich am Mittwoch. Wichtig: Wenn an diesem Tag niemand bei euch zuhause ist, gebt uns unbedingt Bescheid, damit wir einen geeigneten Ablageort vereinbaren k\u00f6nnen! [\/vc_column_text][vc_tta_tabs shape=&#8220;square&#8220; color=&#8220;blue&#8220; alignment=&#8220;center&#8220; active_section=&#8220;1&#8243;][vc_tta_section title=&#8220;\ud83d\udccd 10 km Umkreis&#8220; tab_id=&#8220;1741547514783-1f9f544b-8d3e&#8220;][vc_column_text css=&#8220;&#8220;] Die Transportkosten f\u00fcr eine Lieferung im Umkreis von 10 km belaufen sich auf 6,99 \u20ac. Einen Mindestbestellwert gibt es nicht. [\/vc_column_text][\/vc_tta_section][vc_tta_section title=&#8220;\ud83d\udccd 20 km Umkreis&#8220; tab_id=&#8220;1741547590702-389b1dea-a233&#8243;][vc_column_text css=&#8220;&#8220;] Die Transportkosten f\u00fcr eine Lieferung im Umkreis von 20 km belaufen sich auf 7,99 \u20ac. Der Mindestbestellwert liegt bei 49 \u20ac. [\/vc_column_text][\/vc_tta_section][\/vc_tta_tabs][\/vc_column][vc_column width=&#8220;1\/2&#8243;][vc_column_text css=&#8220;&#8220;] Unsere gek\u00fchlten Postpakete [\/vc_column_text][vc_column_text css=&#8220;&#8220;] \u26a1 Wir liefern per Express Service von DPD oder DHL innerhalb von 24 Stunden ab Versendung. \ud83d\udce7 Ihr k\u00f6nnt deutschlandweit bestellen, entweder \u00fcber den Online-Hofladen oder bei uns direkt per Mail. \ud83d\udce6 Angeliefert wird unser Gefl\u00fcgel in einem gek\u00fchlten Postpaket, das nachhaltiges Isoliermaterial aus Stroh und wieder verwendbare K\u00fchlakkus enth\u00e4lt. Wir empfehlen, das Gefl\u00fcgel pers\u00f6nlich entgegenzunehmen. Sollte das nicht m\u00f6glich sein, kann mit dem Versandunternehmen auch ein Ablageort vereinbart werden. Bitte achtet darauf, dass dieser k\u00fchl und schattig ist. Unsere Pakete sind f\u00fcr eine K\u00fchldauer von maximal 36 Stunden ausgelegt. \ud83d\udcc5 Der Versand findet in der Regel mittwochs statt, sodass euer Paket am Donnerstag bei euch ankommt. Ihr werdet vom Versandunternehmen per Mail sowohl \u00fcber die Sendungserstellung als auch den Versand unterrichtet. Die Versandkosten f\u00fcr unsere gek\u00fchlten Postpakete belaufen sich auf 9,90-13,90 \u20ac. Je nach Gesamtgewicht eurer Bestellung. Inkludiert sind hier schon die Verpackungskosten, die wieder verwendbaren K\u00fchlakkus und die Zustellung innerhalb 24 Stunden per Express-Service. Da es sich bei unserem Gefl\u00fcgel um temperaturempfindliche Ware handelt, versenden wir unsere Pakete ausschlie\u00dflich per Express und nicht per Standardversand. Es ist unser h\u00f6chstes Anliegen, eine ununterbrochene K\u00fchlkette zu gew\u00e4hrleisten. [\/vc_column_text][\/vc_column][\/vc_row][vc_row][vc_column][vc_column_text css=&#8220;&#8220;] Wenn ihr euch nicht sicher seid, ob eure Adresse noch in unseren Lieferumkreis f\u00e4llt, meldet euch gerne auch telefonisch. [\/vc_column_text][\/vc_column][\/vc_row][vc_row][vc_column width=&#8220;1\/3&#8243;][vc_single_image image=&#8220;465&#8243; img_size=&#8220;medium&#8220; alignment=&#8220;center&#8220; css=&#8220;&#8220;][\/vc_column][vc_column width=&#8220;1\/3&#8243;][vc_single_image image=&#8220;478&#8243; img_size=&#8220;medium&#8220; alignment=&#8220;center&#8220; css=&#8220;&#8220;][\/vc_column][vc_column width=&#8220;1\/3&#8243;][vc_single_image image=&#8220;477&#8243; img_size=&#8220;medium&#8220; alignment=&#8220;center&#8220; css=&#8220;&#8220;][\/vc_column][\/vc_row][vc_row][vc_column][vc_column_text css=&#8220;&#8220;] Hier geht\u00b4s zu unserer Produktliste! [\/vc_column_text][\/vc_column][\/vc_row]<\/p>\n","protected":false},"author":1,"featured_media":0,"parent":0,"menu_order":0,"comment_status":"closed","ping_status":"closed","template":"","meta":{"footnotes":""},"class_list":["post-459","page","type-page","status-publish","hentry"],"_links":{"self":[{"href":"https:\/\/gefluegelvombrunnenhof.de\/index.php\/wp-json\/wp\/v2\/pages\/459","targetHints":{"allow":["GET"]}}],"collection":[{"href":"https:\/\/gefluegelvombrunnenhof.de\/index.php\/wp-json\/wp\/v2\/pages"}],"about":[{"href":"https:\/\/gefluegelvombrunnenhof.de\/index.php\/wp-json\/wp\/v2\/types\/page"}],"author":[{"embeddable":true,"href":"https:\/\/gefluegelvombrunnenhof.de\/index.php\/wp-json\/wp\/v2\/users\/1"}],"replies":[{"embeddable":true,"href":"https:\/\/gefluegelvombrunnenhof.de\/index.php\/wp-json\/wp\/v2\/comments?post=459"}],"version-history":[{"count":18,"href":"https:\/\/gefluegelvombrunnenhof.de\/index.php\/wp-json\/wp\/v2\/pages\/459\/revisions"}],"predecessor-version":[{"id":797,"href":"https:\/\/gefluegelvombrunnenhof.de\/index.php\/wp-json\/wp\/v2\/pages\/459\/revisions\/797"}],"wp:attachment":[{"href":"https:\/\/gefluegelvombrunnenhof.de\/index.php\/wp-json\/wp\/v2\/media?parent=459"}],"curies":[{"name":"wp","href":"https:\/\/api.w.org\/{rel}","templated":true}]}}