{"id":265,"date":"2025-01-27T14:23:23","date_gmt":"2025-01-27T14:23:23","guid":{"rendered":"https:\/\/hohenloher-landgockel.de\/?page_id=265"},"modified":"2025-01-27T14:23:31","modified_gmt":"2025-01-27T14:23:31","slug":"unser-netzwerk","status":"publish","type":"page","link":"https:\/\/gefluegelvombrunnenhof.de\/index.php\/unser-netzwerk\/","title":{"rendered":"Unser Netzwerk"},"content":{"rendered":"<p style=\"text-align: center;\">Unsere Gefl\u00fcgelspezialit\u00e4ten sind grunds\u00e4tzlich demeter-zertifiziert, nur bei Nicht-Verf\u00fcgbarkeit behalten wir uns vor, von Bio-Partnerbetrieben aus unserem eigenen Netzwerk, zertifiziertes Gefl\u00fcgel zuzukaufen. Seit vielen Jahren wachsen zum Beispiel unsere Brunnenhof-Bio-G\u00e4nse und -Enten bei unseren Demeter-\/Bioland- &amp; Bio-Partner-Betrieben auf. Auf Basis langj\u00e4hrigen Erfahrung haben wir uns ein stabiles Bio-Betriebs-Netzwerk aufgebaut, das von Baden-W\u00fcrttemberg und Bayern \u00fcber den hessischen Vogelsberg, den Odenwald und bis nach Niedersachsen reicht. Im Hofladen bieten wir Eier vom nahegelegenen Demeterbetrieb Stier an, unser Obst und Gem\u00fcse kommt vom regionalen Bio-Gro\u00dfh\u00e4ndler. Saisonal haben wir auch Bio-Suppenh\u00fchner von verschiedenen Partnerbetrieben im Sortiment.<\/p>\n","protected":false},"excerpt":{"rendered":"<p>Unsere Gefl\u00fcgelspezialit\u00e4ten sind grunds\u00e4tzlich demeter-zertifiziert, nur bei Nicht-Verf\u00fcgbarkeit behalten wir uns vor, von Bio-Partnerbetrieben aus unserem eigenen Netzwerk, zertifiziertes Gefl\u00fcgel zuzukaufen. Seit vielen Jahren wachsen zum Beispiel unsere Brunnenhof-Bio-G\u00e4nse und -Enten bei unseren Demeter-\/Bioland- &amp; Bio-Partner-Betrieben auf. Auf Basis langj\u00e4hrigen Erfahrung haben wir uns ein stabiles Bio-Betriebs-Netzwerk aufgebaut, das von Baden-W\u00fcrttemberg und Bayern \u00fcber den hessischen Vogelsberg, den Odenwald und bis nach Niedersachsen reicht. Im Hofladen bieten wir Eier vom nahegelegenen Demeterbetrieb Stier an, unser Obst und Gem\u00fcse kommt vom regionalen Bio-Gro\u00dfh\u00e4ndler. Saisonal haben wir auch Bio-Suppenh\u00fchner von verschiedenen Partnerbetrieben im Sortiment.<\/p>\n","protected":false},"author":1,"featured_media":0,"parent":0,"menu_order":0,"comment_status":"closed","ping_status":"closed","template":"","meta":{"footnotes":""},"class_list":["post-265","page","type-page","status-publish","hentry"],"_links":{"self":[{"href":"https:\/\/gefluegelvombrunnenhof.de\/index.php\/wp-json\/wp\/v2\/pages\/265","targetHints":{"allow":["GET"]}}],"collection":[{"href":"https:\/\/gefluegelvombrunnenhof.de\/index.php\/wp-json\/wp\/v2\/pages"}],"about":[{"href":"https:\/\/gefluegelvombrunnenhof.de\/index.php\/wp-json\/wp\/v2\/types\/page"}],"author":[{"embeddable":true,"href":"https:\/\/gefluegelvombrunnenhof.de\/index.php\/wp-json\/wp\/v2\/users\/1"}],"replies":[{"embeddable":true,"href":"https:\/\/gefluegelvombrunnenhof.de\/index.php\/wp-json\/wp\/v2\/comments?post=265"}],"version-history":[{"count":1,"href":"https:\/\/gefluegelvombrunnenhof.de\/index.php\/wp-json\/wp\/v2\/pages\/265\/revisions"}],"predecessor-version":[{"id":267,"href":"https:\/\/gefluegelvombrunnenhof.de\/index.php\/wp-json\/wp\/v2\/pages\/265\/revisions\/267"}],"wp:attachment":[{"href":"https:\/\/gefluegelvombrunnenhof.de\/index.php\/wp-json\/wp\/v2\/media?parent=265"}],"curies":[{"name":"wp","href":"https:\/\/api.w.org\/{rel}","templated":true}]}}