{"id":262,"date":"2025-01-27T14:21:45","date_gmt":"2025-01-27T14:21:45","guid":{"rendered":"https:\/\/hohenloher-landgockel.de\/?page_id=262"},"modified":"2026-01-20T20:46:38","modified_gmt":"2026-01-20T20:46:38","slug":"soziales-engagement","status":"publish","type":"page","link":"https:\/\/gefluegelvombrunnenhof.de\/index.php\/soziales-engagement\/","title":{"rendered":"Soziales Engagement"},"content":{"rendered":"<div class=\"wpb-content-wrapper\"><p>[vc_row][vc_column][vc_column_text css=&#8220;&#8220;]<\/p>\n<h5 style=\"text-align: center;\">Inklusion und Integration \ud83e\udd1d<\/h5>\n<p style=\"text-align: center;\">Der Brunnenhof leistet von Beginn an Inklusions- und Integrationsarbeit. Seit \u00fcber 25 Jahren ist Familie Noz eine Pflegefamilie im Sinne der Behindertenarbeit im Rahmen der &#8222;Familienpflege&#8220; in Zusammenarbeit mit der <a href=\"https:\/\/www.diakonie-stetten.de\/index.html\" target=\"_blank\" rel=\"noopener\">Diakonie Stetten<\/a>. Seit \u00fcber 20 Jahren lebt die 69-j\u00e4hrige Frau R. als Betreute auf dem Brunnenhof. Auch im Betrieb finden Menschen mit Unterst\u00fctzungsbedarf einen Platz, so bieten wir bereits seit \u00fcber 5 Jahren einem Mitarbeiter mit psychischer Behinderung einen Arbeitsplatz und leisten ihm in vielen Lebensbereichen Unterst\u00fctzung.<\/p>\n<p style=\"text-align: center;\">Der Brunnenhof engagiert sich in der Gefl\u00fcchtetenarbeit, bereits mehrere schutzbed\u00fcrftige Menschen leisteten Arbeitserprobungen ab und waren f\u00fcr eine k\u00fcrzere oder l\u00e4ngere Zeit Teil des Brunnenhof-Teams. Einer dieser Menschen hat sich entschieden zu bleiben und z\u00e4hlt inzwischen seit \u00fcber 5 Jahren zu unserem Stammteam. Ein weiterer Mitarbeiter in unserer Landwirtschaft kam vor \u00fcber 20 Jahren nach Deutschland und fand auf dem Brunnenhof einen Arbeitsplatz auf Lebenszeit.<\/p>\n<p style=\"text-align: center;\">Auch in der t\u00e4glichen Arbeit spielt das soziale Miteinander eine tragende Rolle, so bieten wir eine gemeinsame Fr\u00fchst\u00fccks- und Mittagspause an, Verpflegung inklusive.<\/p>\n<p>[\/vc_column_text][\/vc_column][\/vc_row][vc_row][vc_column width=&#8220;1\/2&#8243;][vc_video link=&#8220;https:\/\/youtube.com\/shorts\/j3aINLgAqT8?feature=share&#8220; el_width=&#8220;70&#8243; el_aspect=&#8220;916&#8243; align=&#8220;center&#8220; css=&#8220;&#8220;][\/vc_column][vc_column width=&#8220;1\/2&#8243;][vc_video link=&#8220;https:\/\/youtube.com\/shorts\/r6qpK_VGnCA?feature=share&#8220; el_width=&#8220;70&#8243; el_aspect=&#8220;916&#8243; align=&#8220;center&#8220; css=&#8220;&#8220;][\/vc_column][\/vc_row][vc_row][vc_column][vc_column_text css=&#8220;&#8220;]<\/p>\n<h5 style=\"text-align: center;\">Praktika und F\u00f6J \ud83d\udc69\u200d\ud83c\udf3e<\/h5>\n<p style=\"text-align: center;\">J\u00e4hrlich bieten wir Waldorf-Sch\u00fclerInnen der 9. Klasse an, ihr Landwirtschaftspraktikum auf dem Brunnenhof abzuleisten. Auch Interessierte aus anderen Bereichen sind jederzeit herzlich eingeladen, uns eine individuelle Anfrage zu senden.<\/p>\n<p style=\"text-align: center;\">Seit April 2025 sind wir auch offiziell <a href=\"https:\/\/gefluegelvombrunnenhof.de\/index.php\/2025\/06\/20\/freiwilliges-oekologisches-jahr-auf-dem-brunnenhof\/\" target=\"_blank\" rel=\"noopener\">Einsatzstelle f\u00fcr Freiwillige<\/a> im Rahmen des Freiwilligen \u00d6kologischen Jahres. Wir freuen uns auf deine <a href=\"https:\/\/gefluegelvombrunnenhof.de\/index.php\/kontakt\/\" target=\"_blank\" rel=\"noopener\">Anfrage<\/a>!<\/p>\n<p>[\/vc_column_text][\/vc_column][\/vc_row][vc_row][vc_column width=&#8220;1\/3&#8243;][vc_single_image image=&#8220;637&#8243; alignment=&#8220;center&#8220; onclick=&#8220;custom_link&#8220; img_link_target=&#8220;_blank&#8220; css=&#8220;&#8220; link=&#8220;https:\/\/um.baden-wuerttemberg.de\/de\/umwelt-natur\/nachhaltigkeit\/bildung-fuer-nachhaltige-entwicklung\/schulabgaenger\/freiwilliges-oekologisches-jahr\/&#8220;][\/vc_column][vc_column width=&#8220;1\/3&#8243;][vc_single_image image=&#8220;636&#8243; img_size=&#8220;large&#8220; alignment=&#8220;center&#8220; onclick=&#8220;custom_link&#8220; img_link_target=&#8220;_blank&#8220; css=&#8220;&#8220; link=&#8220;https:\/\/um.baden-wuerttemberg.de\/de\/umwelt-natur\/nachhaltigkeit\/bildung-fuer-nachhaltige-entwicklung\/schulabgaenger\/freiwilliges-oekologisches-jahr\/&#8220;][\/vc_column][vc_column width=&#8220;1\/3&#8243;][vc_single_image image=&#8220;638&#8243; img_size=&#8220;medium&#8220; alignment=&#8220;center&#8220; onclick=&#8220;custom_link&#8220; img_link_target=&#8220;_blank&#8220; css=&#8220;&#8220; link=&#8220;https:\/\/www.freunde-waldorf.de\/foej\/&#8220;][\/vc_column][vc_column][vc_column_text css=&#8220;&#8220;]<\/p>\n<h5 style=\"text-align: center;\">\u00d6ffentlichkeitsarbeit \ud83d\udcaa<\/h5>\n<p style=\"text-align: center;\">Seit kurzem bieten wir Kurse \u00fcber die Volkshochschule K\u00fcnzelsau zum Thema &#8222;Nachhaltigkeit&#8220; an.<\/p>\n<p>[\/vc_column_text][vc_single_image image=&#8220;654&#8243; img_size=&#8220;medium&#8220; alignment=&#8220;center&#8220; onclick=&#8220;custom_link&#8220; img_link_target=&#8220;_blank&#8220; css=&#8220;&#8220; link=&#8220;https:\/\/www.vhs-kuen.de\/&#8220;][\/vc_column][\/vc_row]<\/p>\n<\/div>","protected":false},"excerpt":{"rendered":"<p>[vc_row][vc_column][vc_column_text css=&#8220;&#8220;] Inklusion und Integration \ud83e\udd1d Der Brunnenhof leistet von Beginn an Inklusions- und Integrationsarbeit. Seit \u00fcber 25 Jahren ist Familie Noz eine Pflegefamilie im Sinne der Behindertenarbeit im Rahmen der &#8222;Familienpflege&#8220; in Zusammenarbeit mit der Diakonie Stetten. Seit \u00fcber 20 Jahren lebt die 69-j\u00e4hrige Frau R. als Betreute auf dem Brunnenhof. Auch im Betrieb finden Menschen mit Unterst\u00fctzungsbedarf einen Platz, so bieten wir bereits seit \u00fcber 5 Jahren einem Mitarbeiter mit psychischer Behinderung einen Arbeitsplatz und leisten ihm in vielen Lebensbereichen Unterst\u00fctzung. Der Brunnenhof engagiert sich in der Gefl\u00fcchtetenarbeit, bereits mehrere schutzbed\u00fcrftige Menschen leisteten Arbeitserprobungen ab und waren f\u00fcr eine k\u00fcrzere oder l\u00e4ngere Zeit Teil des Brunnenhof-Teams. Einer dieser Menschen hat sich entschieden zu bleiben und z\u00e4hlt inzwischen seit \u00fcber 5 Jahren zu unserem Stammteam. Ein weiterer Mitarbeiter in unserer Landwirtschaft kam vor \u00fcber 20 Jahren nach Deutschland und fand auf dem Brunnenhof einen Arbeitsplatz auf Lebenszeit. Auch in der t\u00e4glichen Arbeit spielt das soziale Miteinander eine tragende Rolle, so bieten wir eine gemeinsame Fr\u00fchst\u00fccks- und Mittagspause an, Verpflegung inklusive. [\/vc_column_text][\/vc_column][\/vc_row][vc_row][vc_column width=&#8220;1\/2&#8243;][vc_video link=&#8220;https:\/\/youtube.com\/shorts\/j3aINLgAqT8?feature=share&#8220; el_width=&#8220;70&#8243; el_aspect=&#8220;916&#8243; align=&#8220;center&#8220; css=&#8220;&#8220;][\/vc_column][vc_column width=&#8220;1\/2&#8243;][vc_video link=&#8220;https:\/\/youtube.com\/shorts\/r6qpK_VGnCA?feature=share&#8220; el_width=&#8220;70&#8243; el_aspect=&#8220;916&#8243; align=&#8220;center&#8220; css=&#8220;&#8220;][\/vc_column][\/vc_row][vc_row][vc_column][vc_column_text css=&#8220;&#8220;] Praktika und F\u00f6J \ud83d\udc69\u200d\ud83c\udf3e J\u00e4hrlich bieten wir Waldorf-Sch\u00fclerInnen der 9. Klasse an, ihr Landwirtschaftspraktikum auf dem Brunnenhof abzuleisten. Auch Interessierte aus anderen Bereichen sind jederzeit herzlich eingeladen, uns eine individuelle Anfrage zu senden. Seit April 2025 sind wir auch offiziell Einsatzstelle f\u00fcr Freiwillige im Rahmen des Freiwilligen \u00d6kologischen Jahres. Wir freuen uns auf deine Anfrage! [\/vc_column_text][\/vc_column][\/vc_row][vc_row][vc_column width=&#8220;1\/3&#8243;][vc_single_image image=&#8220;637&#8243; alignment=&#8220;center&#8220; onclick=&#8220;custom_link&#8220; img_link_target=&#8220;_blank&#8220; css=&#8220;&#8220; link=&#8220;https:\/\/um.baden-wuerttemberg.de\/de\/umwelt-natur\/nachhaltigkeit\/bildung-fuer-nachhaltige-entwicklung\/schulabgaenger\/freiwilliges-oekologisches-jahr\/&#8220;][\/vc_column][vc_column width=&#8220;1\/3&#8243;][vc_single_image image=&#8220;636&#8243; img_size=&#8220;large&#8220; alignment=&#8220;center&#8220; onclick=&#8220;custom_link&#8220; img_link_target=&#8220;_blank&#8220; css=&#8220;&#8220; link=&#8220;https:\/\/um.baden-wuerttemberg.de\/de\/umwelt-natur\/nachhaltigkeit\/bildung-fuer-nachhaltige-entwicklung\/schulabgaenger\/freiwilliges-oekologisches-jahr\/&#8220;][\/vc_column][vc_column width=&#8220;1\/3&#8243;][vc_single_image image=&#8220;638&#8243; img_size=&#8220;medium&#8220; alignment=&#8220;center&#8220; onclick=&#8220;custom_link&#8220; img_link_target=&#8220;_blank&#8220; css=&#8220;&#8220; link=&#8220;https:\/\/www.freunde-waldorf.de\/foej\/&#8220;][\/vc_column][vc_column][vc_column_text css=&#8220;&#8220;] \u00d6ffentlichkeitsarbeit \ud83d\udcaa Seit kurzem bieten wir Kurse \u00fcber die Volkshochschule K\u00fcnzelsau zum Thema &#8222;Nachhaltigkeit&#8220; an. [\/vc_column_text][vc_single_image image=&#8220;654&#8243; img_size=&#8220;medium&#8220; alignment=&#8220;center&#8220; onclick=&#8220;custom_link&#8220; img_link_target=&#8220;_blank&#8220; css=&#8220;&#8220; link=&#8220;https:\/\/www.vhs-kuen.de\/&#8220;][\/vc_column][\/vc_row]<\/p>\n","protected":false},"author":1,"featured_media":0,"parent":0,"menu_order":0,"comment_status":"closed","ping_status":"closed","template":"","meta":{"footnotes":""},"class_list":["post-262","page","type-page","status-publish","hentry"],"_links":{"self":[{"href":"https:\/\/gefluegelvombrunnenhof.de\/index.php\/wp-json\/wp\/v2\/pages\/262","targetHints":{"allow":["GET"]}}],"collection":[{"href":"https:\/\/gefluegelvombrunnenhof.de\/index.php\/wp-json\/wp\/v2\/pages"}],"about":[{"href":"https:\/\/gefluegelvombrunnenhof.de\/index.php\/wp-json\/wp\/v2\/types\/page"}],"author":[{"embeddable":true,"href":"https:\/\/gefluegelvombrunnenhof.de\/index.php\/wp-json\/wp\/v2\/users\/1"}],"replies":[{"embeddable":true,"href":"https:\/\/gefluegelvombrunnenhof.de\/index.php\/wp-json\/wp\/v2\/comments?post=262"}],"version-history":[{"count":14,"href":"https:\/\/gefluegelvombrunnenhof.de\/index.php\/wp-json\/wp\/v2\/pages\/262\/revisions"}],"predecessor-version":[{"id":770,"href":"https:\/\/gefluegelvombrunnenhof.de\/index.php\/wp-json\/wp\/v2\/pages\/262\/revisions\/770"}],"wp:attachment":[{"href":"https:\/\/gefluegelvombrunnenhof.de\/index.php\/wp-json\/wp\/v2\/media?parent=262"}],"curies":[{"name":"wp","href":"https:\/\/api.w.org\/{rel}","templated":true}]}}