{"id":256,"date":"2025-01-27T14:16:44","date_gmt":"2025-01-27T14:16:44","guid":{"rendered":"https:\/\/hohenloher-landgockel.de\/?page_id=256"},"modified":"2025-06-17T11:05:16","modified_gmt":"2025-06-17T11:05:16","slug":"tiergerechte-haltung","status":"publish","type":"page","link":"https:\/\/gefluegelvombrunnenhof.de\/index.php\/tiergerechte-haltung\/","title":{"rendered":"Tierwohl"},"content":{"rendered":"<div class=\"wpb-content-wrapper\"><p>[vc_row][vc_column][vc_column_text css=&#8220;&#8220;]<\/p>\n<p style=\"text-align: center;\">Auf dem Brunnenhof steht das Wohl der Tiere an erster Stelle. Als Demeter-Betrieb verfolgt der Hof einen ganzheitlichen Ansatz, bei dem die Tiere nicht nur artgerecht, sondern auch wesensgem\u00e4\u00df gehalten werden. Sie d\u00fcrfen ihrem nat\u00fcrlichen Verhalten nachgehen und leben in einer Umgebung, die ihren Bed\u00fcrfnissen bestm\u00f6glich entspricht. Nach der EG-Bio-Verordnung und den Demeter-Richtlinien ist f\u00fcr unsere Tiere eine Mindest-Auslauffl\u00e4che pro Tier vorgeschrieben. Wir haben uns entschlossen, unsere Stallungen so auf unseren Streuobstwiesen zu platzieren, dass mehr als diese geforderte Fl\u00e4che pro Tier zur Verf\u00fcgung stehen.<\/p>\n<h4 style=\"text-align: center;\">Nat\u00fcrlicher Lebensraum<\/h4>\n<p style=\"text-align: center;\">Die Puten und Landgockel haben auf dem Brunnenhof weitl\u00e4ufigen Freilauf und k\u00f6nnen selbst entscheiden, wo sie sich aufhalten m\u00f6chten. Sie spazieren \u00fcber gr\u00fcne Wiesen, erkunden neugierig die Umgebung oder ruhen sich im Schatten der alten Obstb\u00e4ume aus. Die Streuobstwiesen bieten nicht nur Schutz, sondern auch nat\u00fcrliche Besch\u00e4ftigung, da die Tiere Fallobst wie \u00c4pfel und Birnen aufnehmen k\u00f6nnen. Erdl\u00f6cher und Sandkuhlen dienen der Gefiederpflege. Bei schlechtem Wetter oder in k\u00fchleren N\u00e4chten stehen ihnen gro\u00dfz\u00fcgige, gut durchl\u00fcftete Folienh\u00e4user zur Verf\u00fcgung, die Schutz bieten, aber dennoch eine offene, naturnahe Haltung erm\u00f6glichen.<\/p>\n<h4 style=\"text-align: center;\">Hochwertige, nat\u00fcrliche F\u00fctterung<\/h4>\n<p style=\"text-align: center;\">Die Tiere erhalten bestes Futter aus hofeigenem Anbau sowie von Bio-Betrieben aus der Region. Erg\u00e4nzend wird Demeter-Gefl\u00fcgelmastkorn verwendet, das speziell auf die Bed\u00fcrfnisse der Tiere abgestimmt ist. Anstatt verschiedener industrieller Futtermischungen setzt der Brunnenhof auf ein n\u00e4hrstoffreiches, m\u00f6glichst naturnahes Futter mit Getreide wie Weizen, Hafer und Gerste. Durch die t\u00e4gliche Kontrolle der F\u00fctterungsautomaten werden die Tiere regelm\u00e4\u00dfig beobachtet, wodurch ihr Gesundheitszustand stets im Blick bleibt.<\/p>\n<h4 style=\"text-align: center;\">Ein stressfreies, artgerechtes Leben<\/h4>\n<p style=\"text-align: center;\">Die Tiere auf dem Brunnenhof wachsen in ruhiger Umgebung ohne Stress und Hektik auf. Die Haltung in verschiedenen Altersgruppen sorgt f\u00fcr ein nat\u00fcrliches Sozialverhalten. Durch die enge Betreuung von Landwirt Maik Noz und seinem Team entsteht eine vertrauensvolle Beziehung zwischen Mensch und Tier. Hier geht es nicht nur um die Versorgung der Tiere, sondern um echtes Verst\u00e4ndnis und F\u00fcrsorge.<\/p>\n<h4 style=\"text-align: center;\">Ein Hoforganismus im Einklang mit der Natur<\/h4>\n<p style=\"text-align: center;\">Neben den Puten und Landgockeln tragen auch die K\u00fche wesentlich zum Hoforganismus bei. Sie leben in einem Boxenstall mit ganzj\u00e4hrigem Auslauf und wechseln sich mit den Puten auf den Weidefl\u00e4chen ab. Ihr Mist wird als wertvoller D\u00fcnger genutzt, um die Bodenfruchtbarkeit in der biodynamischen Landwirtschaft zu f\u00f6rdern.<\/p>\n<p style=\"text-align: center;\">Die au\u00dfergew\u00f6hnlichen Haltungsbedingungen auf dem Brunnenhof wurden 2006 mit dem F\u00f6rderpreis \u00d6kologischer Landbau ausgezeichnet. Zahlreiche Besucher, darunter auch Fachleute aus Landwirtschaft und Forschung, best\u00e4tigen immer wieder, dass die Tiere hier unter optimalen Bedingungen leben.<br \/>\nDer Brunnenhof zeigt, dass eine wirklich tiergerechte Haltung m\u00f6glich ist \u2013 mit Respekt, Achtsamkeit und einem tiefen Verst\u00e4ndnis f\u00fcr das Wesen der Tiere.[\/vc_column_text][\/vc_column][\/vc_row][vc_row][vc_column width=&#8220;1\/2&#8243;][vc_column_text css=&#8220;&#8220;]<a href=\"https:\/\/gefluegelvombrunnenhof.de\/index.php\/unser-konzept\/putenhaltung\/\">Hier<\/a> mehr \u00fcber unsere Putenhaltung lesen.<\/p>\n<p><a href=\"https:\/\/gefluegelvombrunnenhof.de\/index.php\/unser-konzept\/putenhaltung\/\"><img decoding=\"async\" class=\"alignnone wp-image-294 size-large lazyload\" data-src=\"https:\/\/gefluegelvombrunnenhof.de\/wp-content\/uploads\/2025\/01\/Bild-innen-1-1024x683.jpg\" alt=\"\" width=\"960\" height=\"640\" data-srcset=\"https:\/\/gefluegelvombrunnenhof.de\/wp-content\/uploads\/2025\/01\/Bild-innen-1-1024x683.jpg 1024w, https:\/\/gefluegelvombrunnenhof.de\/wp-content\/uploads\/2025\/01\/Bild-innen-1-300x200.jpg 300w, https:\/\/gefluegelvombrunnenhof.de\/wp-content\/uploads\/2025\/01\/Bild-innen-1-768x512.jpg 768w, https:\/\/gefluegelvombrunnenhof.de\/wp-content\/uploads\/2025\/01\/Bild-innen-1-1140x760.jpg 1140w, https:\/\/gefluegelvombrunnenhof.de\/wp-content\/uploads\/2025\/01\/Bild-innen-1.jpg 1536w\" data-sizes=\"(max-width: 960px) 100vw, 960px\" src=\"data:image\/svg+xml;base64,PHN2ZyB3aWR0aD0iMSIgaGVpZ2h0PSIxIiB4bWxucz0iaHR0cDovL3d3dy53My5vcmcvMjAwMC9zdmciPjwvc3ZnPg==\" style=\"--smush-placeholder-width: 960px; --smush-placeholder-aspect-ratio: 960\/640;\" \/><\/a>[\/vc_column_text][\/vc_column][vc_column width=&#8220;1\/2&#8243;][vc_column_text css=&#8220;&#8220;]<a href=\"https:\/\/gefluegelvombrunnenhof.de\/index.php\/unser-konzept\/landgockelhaltung\/\">Hier<\/a> mehr \u00fcber unsere Landgockelhaltung lesen.<\/p>\n<p><a href=\"https:\/\/gefluegelvombrunnenhof.de\/index.php\/unser-konzept\/landgockelhaltung\/\"><img decoding=\"async\" class=\"alignnone wp-image-215 size-large lazyload\" data-src=\"https:\/\/gefluegelvombrunnenhof.de\/wp-content\/uploads\/2025\/01\/Landgockel_Weide_6-1-1024x683.jpg\" alt=\"\" width=\"960\" height=\"640\" data-srcset=\"https:\/\/gefluegelvombrunnenhof.de\/wp-content\/uploads\/2025\/01\/Landgockel_Weide_6-1-1024x683.jpg 1024w, https:\/\/gefluegelvombrunnenhof.de\/wp-content\/uploads\/2025\/01\/Landgockel_Weide_6-1-300x200.jpg 300w, https:\/\/gefluegelvombrunnenhof.de\/wp-content\/uploads\/2025\/01\/Landgockel_Weide_6-1-768x512.jpg 768w, https:\/\/gefluegelvombrunnenhof.de\/wp-content\/uploads\/2025\/01\/Landgockel_Weide_6-1-1140x760.jpg 1140w, https:\/\/gefluegelvombrunnenhof.de\/wp-content\/uploads\/2025\/01\/Landgockel_Weide_6-1.jpg 1536w\" data-sizes=\"(max-width: 960px) 100vw, 960px\" src=\"data:image\/svg+xml;base64,PHN2ZyB3aWR0aD0iMSIgaGVpZ2h0PSIxIiB4bWxucz0iaHR0cDovL3d3dy53My5vcmcvMjAwMC9zdmciPjwvc3ZnPg==\" style=\"--smush-placeholder-width: 960px; --smush-placeholder-aspect-ratio: 960\/640;\" \/><\/a>[\/vc_column_text][\/vc_column][\/vc_row]<\/p>\n<\/div>","protected":false},"excerpt":{"rendered":"<p>[vc_row][vc_column][vc_column_text css=&#8220;&#8220;] Auf dem Brunnenhof steht das Wohl der Tiere an erster Stelle. Als Demeter-Betrieb verfolgt der Hof einen ganzheitlichen Ansatz, bei dem die Tiere nicht nur artgerecht, sondern auch wesensgem\u00e4\u00df gehalten werden. Sie d\u00fcrfen ihrem nat\u00fcrlichen Verhalten nachgehen und leben in einer Umgebung, die ihren Bed\u00fcrfnissen bestm\u00f6glich entspricht. Nach der EG-Bio-Verordnung und den Demeter-Richtlinien ist f\u00fcr unsere Tiere eine Mindest-Auslauffl\u00e4che pro Tier vorgeschrieben. Wir haben uns entschlossen, unsere Stallungen so auf unseren Streuobstwiesen zu platzieren, dass mehr als diese geforderte Fl\u00e4che pro Tier zur Verf\u00fcgung stehen. Nat\u00fcrlicher Lebensraum Die Puten und Landgockel haben auf dem Brunnenhof weitl\u00e4ufigen Freilauf und k\u00f6nnen selbst entscheiden, wo sie sich aufhalten m\u00f6chten. Sie spazieren \u00fcber gr\u00fcne Wiesen, erkunden neugierig die Umgebung oder ruhen sich im Schatten der alten Obstb\u00e4ume aus. Die Streuobstwiesen bieten nicht nur Schutz, sondern auch nat\u00fcrliche Besch\u00e4ftigung, da die Tiere Fallobst wie \u00c4pfel und Birnen aufnehmen k\u00f6nnen. Erdl\u00f6cher und Sandkuhlen dienen der Gefiederpflege. Bei schlechtem Wetter oder in k\u00fchleren N\u00e4chten stehen ihnen gro\u00dfz\u00fcgige, gut durchl\u00fcftete Folienh\u00e4user zur Verf\u00fcgung, die Schutz bieten, aber dennoch eine offene, naturnahe Haltung erm\u00f6glichen. Hochwertige, nat\u00fcrliche F\u00fctterung Die Tiere erhalten bestes Futter aus hofeigenem Anbau sowie von Bio-Betrieben aus der Region. Erg\u00e4nzend wird Demeter-Gefl\u00fcgelmastkorn verwendet, das speziell auf die Bed\u00fcrfnisse der Tiere abgestimmt ist. Anstatt verschiedener industrieller Futtermischungen setzt der Brunnenhof auf ein n\u00e4hrstoffreiches, m\u00f6glichst naturnahes Futter mit Getreide wie Weizen, Hafer und Gerste. Durch die t\u00e4gliche Kontrolle der F\u00fctterungsautomaten werden die Tiere regelm\u00e4\u00dfig beobachtet, wodurch ihr Gesundheitszustand stets im Blick bleibt. Ein stressfreies, artgerechtes Leben Die Tiere auf dem Brunnenhof wachsen in ruhiger Umgebung ohne Stress und Hektik auf. Die Haltung in verschiedenen Altersgruppen sorgt f\u00fcr ein nat\u00fcrliches Sozialverhalten. Durch die enge Betreuung von Landwirt Maik Noz und seinem Team entsteht eine vertrauensvolle Beziehung zwischen Mensch und Tier. Hier geht es nicht nur um die Versorgung der Tiere, sondern um echtes Verst\u00e4ndnis und F\u00fcrsorge. Ein Hoforganismus im Einklang mit der Natur Neben den Puten und Landgockeln tragen auch die K\u00fche wesentlich zum Hoforganismus bei. Sie leben in einem Boxenstall mit ganzj\u00e4hrigem Auslauf und wechseln sich mit den Puten auf den Weidefl\u00e4chen ab. Ihr Mist wird als wertvoller D\u00fcnger genutzt, um die Bodenfruchtbarkeit in der biodynamischen Landwirtschaft zu f\u00f6rdern. Die au\u00dfergew\u00f6hnlichen Haltungsbedingungen auf dem Brunnenhof wurden 2006 mit dem F\u00f6rderpreis \u00d6kologischer Landbau ausgezeichnet. Zahlreiche Besucher, darunter auch Fachleute aus Landwirtschaft und Forschung, best\u00e4tigen immer wieder, dass die Tiere hier unter optimalen Bedingungen leben. Der Brunnenhof zeigt, dass eine wirklich tiergerechte Haltung m\u00f6glich ist \u2013 mit Respekt, Achtsamkeit und einem tiefen Verst\u00e4ndnis f\u00fcr das Wesen der Tiere.[\/vc_column_text][\/vc_column][\/vc_row][vc_row][vc_column width=&#8220;1\/2&#8243;][vc_column_text css=&#8220;&#8220;]Hier mehr \u00fcber unsere Putenhaltung lesen. [\/vc_column_text][\/vc_column][vc_column width=&#8220;1\/2&#8243;][vc_column_text css=&#8220;&#8220;]Hier mehr \u00fcber unsere Landgockelhaltung lesen. [\/vc_column_text][\/vc_column][\/vc_row]<\/p>\n","protected":false},"author":1,"featured_media":0,"parent":0,"menu_order":0,"comment_status":"closed","ping_status":"closed","template":"","meta":{"footnotes":""},"class_list":["post-256","page","type-page","status-publish","hentry"],"_links":{"self":[{"href":"https:\/\/gefluegelvombrunnenhof.de\/index.php\/wp-json\/wp\/v2\/pages\/256","targetHints":{"allow":["GET"]}}],"collection":[{"href":"https:\/\/gefluegelvombrunnenhof.de\/index.php\/wp-json\/wp\/v2\/pages"}],"about":[{"href":"https:\/\/gefluegelvombrunnenhof.de\/index.php\/wp-json\/wp\/v2\/types\/page"}],"author":[{"embeddable":true,"href":"https:\/\/gefluegelvombrunnenhof.de\/index.php\/wp-json\/wp\/v2\/users\/1"}],"replies":[{"embeddable":true,"href":"https:\/\/gefluegelvombrunnenhof.de\/index.php\/wp-json\/wp\/v2\/comments?post=256"}],"version-history":[{"count":12,"href":"https:\/\/gefluegelvombrunnenhof.de\/index.php\/wp-json\/wp\/v2\/pages\/256\/revisions"}],"predecessor-version":[{"id":584,"href":"https:\/\/gefluegelvombrunnenhof.de\/index.php\/wp-json\/wp\/v2\/pages\/256\/revisions\/584"}],"wp:attachment":[{"href":"https:\/\/gefluegelvombrunnenhof.de\/index.php\/wp-json\/wp\/v2\/media?parent=256"}],"curies":[{"name":"wp","href":"https:\/\/api.w.org\/{rel}","templated":true}]}}