{"id":242,"date":"2025-01-25T19:16:49","date_gmt":"2025-01-25T19:16:49","guid":{"rendered":"https:\/\/hohenloher-landgockel.de\/?page_id=242"},"modified":"2026-01-26T20:07:32","modified_gmt":"2026-01-26T20:07:32","slug":"jobs-und-ausbildung","status":"publish","type":"page","link":"https:\/\/gefluegelvombrunnenhof.de\/index.php\/jobs-und-ausbildung\/","title":{"rendered":"Das Brunnenhof-Team"},"content":{"rendered":"<div class=\"wpb-content-wrapper\"><p>[vc_row][vc_column][vc_column_text css=&#8220;&#8220;]<\/p>\n<div class=\"row\">\n<div class=\"col-md-12 text-center\">\n<p class=\"sub-header\" style=\"text-align: center;\">Unser Team besteht aus durchschnittlich 15 Personen, die in unterschiedlichen Bereichen t\u00e4tig sind und doch eines gemeinsam haben: Sie stehen hinter dem Konzept des Brunnenhofs und geben jeden Tag ihr Bestes (oder die Aushilfen eben einmal in der Woche \ud83d\ude09), um nicht nur eine m\u00f6glichst nachhaltige und umweltvertr\u00e4gliche Fleischproduktion zu unterst\u00fctzen und voranzubringen.<br \/>\nSie alle engagieren sich mit ganzem Herzen f\u00fcr diese verantwortungsvolle Aufgabe.<\/p>\n<p class=\"sub-header\" style=\"text-align: center;\">Zum Team geh\u00f6ren 2-4 Mitarbeiter\/ Aushilfen in der Landwirtschaft, 5-7 Mitarbeiterinnen und Mitarbeiter in der Produktion, 2-3 Mitarbeiterinnen im B\u00fcro und nat\u00fcrlich die beiden Gesch\u00e4ftsf\u00fchrenden des Brunnenhofs, Caroline von Wistinghausen-Noz und Maik Noz.<\/p>\n<p class=\"sub-header\" style=\"text-align: center;\">Der Brunnenhof ist ein Familienbetrieb in der 2. Generation und steht f\u00fcr bereits \u00fcber 50 Jahre b\u00e4uerliche Tradition. Die T\u00f6chter Saskia und Annika Noz sind neben ihren eigenen Lebensmittelpunkten noch immer sehr verwurzelt auf dem Brunnenhof und unterst\u00fctzen das Team in verschiedenen Bereichen regelm\u00e4\u00dfig. Vor allem nat\u00fcrlich, wenn es um social media geht. Ebenfalls Teil der Familie ist Pflegetochter Petra, die im Rahmen der Familienpflege Diakonie Stetten seit nunmehr 20 Jahren auf dem Brunnenhof einen Platz zum Leben und Arbeiten gefunden hat. Sie macht sich im Haushalt n\u00fctzlich und bringt sich ein, damit ein einladendes Ambiente vor dem Hofladen die Kunden empf\u00e4ngt.<\/p>\n<p style=\"text-align: center;\">Auf unserem Hof arbeiten Menschen mit und ohne Hilfebedarf Hand in Hand. Zwei Mitarbeiter:innen mit besonderem Unterst\u00fctzungsbedarf sind fest in unseren Alltag eingebunden \u2013 sei es in der Gefl\u00fcgelhaltung, bei der Schlachtung oder in der Verarbeitung.<\/p>\n<p style=\"text-align: center;\">Uns ist wichtig, dass jeder eine sinnvolle Aufgabe findet, Anerkennung erf\u00e4hrt und Teil einer lebendigen Gemeinschaft ist. So entstehen nicht nur hochwertige Lebensmittel, sondern auch wertvolle Momente des Miteinanders. Hier entstehen Lebensmittel mit Qualit\u00e4t \u2013 und sozialem Mehrwert.<\/p>\n<\/div>\n<\/div>\n<p>[\/vc_column_text][vc_images_carousel images=&#8220;211,236,275,237,212,390,391,392,393,394,395&#8243; img_size=&#8220;large&#8220; speed=&#8220;3000&#8243; slides_per_view=&#8220;4&#8243; autoplay=&#8220;yes&#8220; wrap=&#8220;yes&#8220; css=&#8220;&#8220;][\/vc_column][\/vc_row][vc_row][vc_column][vc_column_text css=&#8220;&#8220;]<\/p>\n<h3 style=\"text-align: center;\">Werde ein Teil unseres Teams!<\/h3>\n<p style=\"text-align: center;\">\u2026wenn du begeistert bist von<\/p>\n<p style=\"text-align: center;\">\ud83c\udf31 Produkten aus biologischem Anbau<br \/>\n\ud83d\udc2e Art- und wesensgem\u00e4\u00dfer Tierhaltung<br \/>\n\ud83c\udf0d Nachhaltigkeit und Umweltschutz<br \/>\n\u2600 Zukunftsorientiertem Denken<br \/>\n\ud83e\udd1d Freude und Flexibilit\u00e4t bei der Arbeit[\/vc_column_text][\/vc_column][\/vc_row][vc_row][vc_column][vc_column_text css=&#8220;&#8220;]<\/p>\n<p style=\"text-align: center;\"><em>Wir haben aktuell keine offenen Stellen, schreib uns aber gerne eine Initiativbewerbung und wir schauen, ob wir einen Platz f\u00fcr dich finden!<\/em><\/p>\n<p>[\/vc_column_text][\/vc_column][\/vc_row][vc_row][vc_column width=&#8220;1\/4&#8243;]<div class=\"ult-spacer spacer-69f6143422f7d\" data-id=\"69f6143422f7d\" data-height=\"\" data-height-mobile=\"\" data-height-tab=\"\" data-height-tab-portrait=\"\" data-height-mobile-landscape=\"\" style=\"clear:both;display:block;\"><\/div>[vc_icon icon_fontawesome=&#8220;fas fa-paper-plane&#8220; size=&#8220;xl&#8220; align=&#8220;right&#8220; css=&#8220;&#8220;][\/vc_column][vc_column width=&#8220;1\/4&#8243;]<div class=\"ult-spacer spacer-69f6143422f96\" data-id=\"69f6143422f96\" data-height=\"\" data-height-mobile=\"\" data-height-tab=\"\" data-height-tab-portrait=\"\" data-height-mobile-landscape=\"\" style=\"clear:both;display:block;\"><\/div>[vc_btn title=&#8220;per Mail&#8220; color=&#8220;blue&#8220; align=&#8220;left&#8220; css=&#8220;&#8220; link=&#8220;url:mailto%3Ainfo%40brunnenhof.bio|title:per%20Mail&#8220;][\/vc_column][vc_column width=&#8220;1\/4&#8243;]<div class=\"ult-spacer spacer-69f6143422fa0\" data-id=\"69f6143422fa0\" data-height=\"\" data-height-mobile=\"\" data-height-tab=\"\" data-height-tab-portrait=\"\" data-height-mobile-landscape=\"\" style=\"clear:both;display:block;\"><\/div>[vc_icon type=&#8220;entypo&#8220; icon_entypo=&#8220;entypo-icon entypo-icon-home&#8220; size=&#8220;xl&#8220; align=&#8220;right&#8220; css=&#8220;&#8220;][\/vc_column][vc_column width=&#8220;1\/4&#8243;]<div class=\"ult-spacer spacer-69f6143422fa7\" data-id=\"69f6143422fa7\" data-height=\"\" data-height-mobile=\"\" data-height-tab=\"\" data-height-tab-portrait=\"\" data-height-mobile-landscape=\"\" style=\"clear:both;display:block;\"><\/div>[vc_column_text css=&#8220;&#8220;]per Post an:<br \/>\nBrunnenhof Bio-Gefl\u00fcgel<br \/>\nHohe Stra\u00dfe 25<br \/>\n74653 K\u00fcnzelsau-M\u00e4usdorf[\/vc_column_text][\/vc_column][\/vc_row][vc_row][vc_column][vc_column_text css=&#8220;&#8220;]<\/p>\n<h3 style=\"text-align: center;\">Wir freuen uns auf dich!<\/h3>\n<p>[\/vc_column_text][vc_single_image image=&#8220;777&#8243; img_size=&#8220;large&#8220; alignment=&#8220;center&#8220; css=&#8220;&#8220;][\/vc_column][\/vc_row]<\/p>\n<\/div>","protected":false},"excerpt":{"rendered":"<p>[vc_row][vc_column][vc_column_text css=&#8220;&#8220;] Unser Team besteht aus durchschnittlich 15 Personen, die in unterschiedlichen Bereichen t\u00e4tig sind und doch eines gemeinsam haben: Sie stehen hinter dem Konzept des Brunnenhofs und geben jeden Tag ihr Bestes (oder die Aushilfen eben einmal in der Woche \ud83d\ude09), um nicht nur eine m\u00f6glichst nachhaltige und umweltvertr\u00e4gliche Fleischproduktion zu unterst\u00fctzen und voranzubringen. Sie alle engagieren sich mit ganzem Herzen f\u00fcr diese verantwortungsvolle Aufgabe. Zum Team geh\u00f6ren 2-4 Mitarbeiter\/ Aushilfen in der Landwirtschaft, 5-7 Mitarbeiterinnen und Mitarbeiter in der Produktion, 2-3 Mitarbeiterinnen im B\u00fcro und nat\u00fcrlich die beiden Gesch\u00e4ftsf\u00fchrenden des Brunnenhofs, Caroline von Wistinghausen-Noz und Maik Noz. Der Brunnenhof ist ein Familienbetrieb in der 2. Generation und steht f\u00fcr bereits \u00fcber 50 Jahre b\u00e4uerliche Tradition. Die T\u00f6chter Saskia und Annika Noz sind neben ihren eigenen Lebensmittelpunkten noch immer sehr verwurzelt auf dem Brunnenhof und unterst\u00fctzen das Team in verschiedenen Bereichen regelm\u00e4\u00dfig. Vor allem nat\u00fcrlich, wenn es um social media geht. Ebenfalls Teil der Familie ist Pflegetochter Petra, die im Rahmen der Familienpflege Diakonie Stetten seit nunmehr 20 Jahren auf dem Brunnenhof einen Platz zum Leben und Arbeiten gefunden hat. Sie macht sich im Haushalt n\u00fctzlich und bringt sich ein, damit ein einladendes Ambiente vor dem Hofladen die Kunden empf\u00e4ngt. Auf unserem Hof arbeiten Menschen mit und ohne Hilfebedarf Hand in Hand. Zwei Mitarbeiter:innen mit besonderem Unterst\u00fctzungsbedarf sind fest in unseren Alltag eingebunden \u2013 sei es in der Gefl\u00fcgelhaltung, bei der Schlachtung oder in der Verarbeitung. Uns ist wichtig, dass jeder eine sinnvolle Aufgabe findet, Anerkennung erf\u00e4hrt und Teil einer lebendigen Gemeinschaft ist. So entstehen nicht nur hochwertige Lebensmittel, sondern auch wertvolle Momente des Miteinanders. Hier entstehen Lebensmittel mit Qualit\u00e4t \u2013 und sozialem Mehrwert. [\/vc_column_text][vc_images_carousel images=&#8220;211,236,275,237,212,390,391,392,393,394,395&#8243; img_size=&#8220;large&#8220; speed=&#8220;3000&#8243; slides_per_view=&#8220;4&#8243; autoplay=&#8220;yes&#8220; wrap=&#8220;yes&#8220; css=&#8220;&#8220;][\/vc_column][\/vc_row][vc_row][vc_column][vc_column_text css=&#8220;&#8220;] Werde ein Teil unseres Teams! \u2026wenn du begeistert bist von \ud83c\udf31 Produkten aus biologischem Anbau \ud83d\udc2e Art- und wesensgem\u00e4\u00dfer Tierhaltung \ud83c\udf0d Nachhaltigkeit und Umweltschutz \u2600 Zukunftsorientiertem Denken \ud83e\udd1d Freude und Flexibilit\u00e4t bei der Arbeit[\/vc_column_text][\/vc_column][\/vc_row][vc_row][vc_column][vc_column_text css=&#8220;&#8220;] Wir haben aktuell keine offenen Stellen, schreib uns aber gerne eine Initiativbewerbung und wir schauen, ob wir einen Platz f\u00fcr dich finden! [\/vc_column_text][\/vc_column][\/vc_row][vc_row][vc_column width=&#8220;1\/4&#8243;][vc_icon icon_fontawesome=&#8220;fas fa-paper-plane&#8220; size=&#8220;xl&#8220; align=&#8220;right&#8220; css=&#8220;&#8220;][\/vc_column][vc_column width=&#8220;1\/4&#8243;][vc_btn title=&#8220;per Mail&#8220; color=&#8220;blue&#8220; align=&#8220;left&#8220; css=&#8220;&#8220; link=&#8220;url:mailto%3Ainfo%40brunnenhof.bio|title:per%20Mail&#8220;][\/vc_column][vc_column width=&#8220;1\/4&#8243;][vc_icon type=&#8220;entypo&#8220; icon_entypo=&#8220;entypo-icon entypo-icon-home&#8220; size=&#8220;xl&#8220; align=&#8220;right&#8220; css=&#8220;&#8220;][\/vc_column][vc_column width=&#8220;1\/4&#8243;][vc_column_text css=&#8220;&#8220;]per Post an: Brunnenhof Bio-Gefl\u00fcgel Hohe Stra\u00dfe 25 74653 K\u00fcnzelsau-M\u00e4usdorf[\/vc_column_text][\/vc_column][\/vc_row][vc_row][vc_column][vc_column_text css=&#8220;&#8220;] Wir freuen uns auf dich! [\/vc_column_text][vc_single_image image=&#8220;777&#8243; img_size=&#8220;large&#8220; alignment=&#8220;center&#8220; css=&#8220;&#8220;][\/vc_column][\/vc_row]<\/p>\n","protected":false},"author":1,"featured_media":0,"parent":0,"menu_order":0,"comment_status":"closed","ping_status":"closed","template":"","meta":{"footnotes":""},"class_list":["post-242","page","type-page","status-publish","hentry"],"_links":{"self":[{"href":"https:\/\/gefluegelvombrunnenhof.de\/index.php\/wp-json\/wp\/v2\/pages\/242","targetHints":{"allow":["GET"]}}],"collection":[{"href":"https:\/\/gefluegelvombrunnenhof.de\/index.php\/wp-json\/wp\/v2\/pages"}],"about":[{"href":"https:\/\/gefluegelvombrunnenhof.de\/index.php\/wp-json\/wp\/v2\/types\/page"}],"author":[{"embeddable":true,"href":"https:\/\/gefluegelvombrunnenhof.de\/index.php\/wp-json\/wp\/v2\/users\/1"}],"replies":[{"embeddable":true,"href":"https:\/\/gefluegelvombrunnenhof.de\/index.php\/wp-json\/wp\/v2\/comments?post=242"}],"version-history":[{"count":12,"href":"https:\/\/gefluegelvombrunnenhof.de\/index.php\/wp-json\/wp\/v2\/pages\/242\/revisions"}],"predecessor-version":[{"id":778,"href":"https:\/\/gefluegelvombrunnenhof.de\/index.php\/wp-json\/wp\/v2\/pages\/242\/revisions\/778"}],"wp:attachment":[{"href":"https:\/\/gefluegelvombrunnenhof.de\/index.php\/wp-json\/wp\/v2\/media?parent=242"}],"curies":[{"name":"wp","href":"https:\/\/api.w.org\/{rel}","templated":true}]}}