{"id":207,"date":"2025-01-24T17:06:04","date_gmt":"2025-01-24T17:06:04","guid":{"rendered":"https:\/\/hohenloher-landgockel.de\/?page_id=207"},"modified":"2025-05-14T10:03:41","modified_gmt":"2025-05-14T10:03:41","slug":"landgockelhaltung","status":"publish","type":"page","link":"https:\/\/gefluegelvombrunnenhof.de\/index.php\/unser-konzept\/landgockelhaltung\/","title":{"rendered":"Landgockelhaltung"},"content":{"rendered":"<div class=\"wpb-content-wrapper\"><p>[vc_row][vc_column][vc_column_text css=&#8220;&#8220;]<\/p>\n<h5 style=\"text-align: center;\">Aufzucht in eigener Hand<\/h5>\n<p style=\"text-align: center;\">Schon zu Beginn wurde ein Konzept f\u00fcr die Aufzucht von Landgockelk\u00fcken erstellt, welche aus \u00d6ko-Elterntierhaltung im Alter von einem Tag auf den Brunnenhof kommen. Mit t\u00e4glichen Kontrollen und sorgsamer Pflege werden die K\u00fcken bis zu vier Wochen in einem gesch\u00fctzten Aufzuchtstall betreut. Der Aufzurchtsring sorgt daf\u00fcr, dass die K\u00fcken ein abgestecktes Areal zur Verf\u00fcgung haben, in dem sie sich barrierefrei bewegen k\u00f6nnen, so entstehen keine Engp\u00e4sse. Die Aufzucht findet in einem so genannten Aufzuchtsring statt und jedes K\u00fcken kann selbst w\u00e4hlen, ob es sich unter dem W\u00e4rmestrahler oder lieber im k\u00fchleren Randbreich aufhalten m\u00f6chte. Diese unterschiedlichen Temperaturzonen sind wichtig, um den Kreislauf der Tiere anzuregen.<br \/>\nDer wichtigste Punkt liegt in der Beobachtung der Tiere, man muss sich ein bestimmtes Gesp\u00fcr oder einen \u201esiebten Sinn\u201c im Umgang mit den K\u00fcken aneignen, um jede noch so unscheinbare Ver\u00e4nderung beurteilen zu k\u00f6nnen und dann entsprechend zu reagieren. Es ist also ein Zusammenspiel von vielen verschiedenen Faktoren, das zum Erfolg f\u00fchrt.<\/p>\n<p>[\/vc_column_text][\/vc_column][\/vc_row][vc_row][vc_column width=&#8220;1\/2&#8243;][vc_single_image image=&#8220;219&#8243; img_size=&#8220;large&#8220; alignment=&#8220;center&#8220; css=&#8220;&#8220;][\/vc_column][vc_column width=&#8220;1\/2&#8243;][vc_single_image image=&#8220;212&#8243; img_size=&#8220;large&#8220; alignment=&#8220;center&#8220; css=&#8220;&#8220;][\/vc_column][\/vc_row][vc_row][vc_column][vc_column_text css=&#8220;&#8220;]<\/p>\n<p style=\"text-align: center;\">Sind die Landgockel gro\u00df genug, werden Sie in ein Folienhaus mit Auslauf umquartiert.<\/p>\n<p>[\/vc_column_text][\/vc_column][\/vc_row][vc_row][vc_column][vc_row_inner][vc_column_inner][vc_images_carousel images=&#8220;216,215,214,213,211&#8243; img_size=&#8220;large&#8220; speed=&#8220;3000&#8243; slides_per_view=&#8220;3&#8243; autoplay=&#8220;yes&#8220; wrap=&#8220;yes&#8220; css=&#8220;&#8220;][\/vc_column_inner][\/vc_row_inner][\/vc_column][\/vc_row]<\/p>\n<\/div>","protected":false},"excerpt":{"rendered":"<p>[vc_row][vc_column][vc_column_text css=&#8220;&#8220;] Aufzucht in eigener Hand Schon zu Beginn wurde ein Konzept f\u00fcr die Aufzucht von Landgockelk\u00fcken erstellt, welche aus \u00d6ko-Elterntierhaltung im Alter von einem Tag auf den Brunnenhof kommen. Mit t\u00e4glichen Kontrollen und sorgsamer Pflege werden die K\u00fcken bis zu vier Wochen in einem gesch\u00fctzten Aufzuchtstall betreut. Der Aufzurchtsring sorgt daf\u00fcr, dass die K\u00fcken ein abgestecktes Areal zur Verf\u00fcgung haben, in dem sie sich barrierefrei bewegen k\u00f6nnen, so entstehen keine Engp\u00e4sse. Die Aufzucht findet in einem so genannten Aufzuchtsring statt und jedes K\u00fcken kann selbst w\u00e4hlen, ob es sich unter dem W\u00e4rmestrahler oder lieber im k\u00fchleren Randbreich aufhalten m\u00f6chte. Diese unterschiedlichen Temperaturzonen sind wichtig, um den Kreislauf der Tiere anzuregen. Der wichtigste Punkt liegt in der Beobachtung der Tiere, man muss sich ein bestimmtes Gesp\u00fcr oder einen \u201esiebten Sinn\u201c im Umgang mit den K\u00fcken aneignen, um jede noch so unscheinbare Ver\u00e4nderung beurteilen zu k\u00f6nnen und dann entsprechend zu reagieren. Es ist also ein Zusammenspiel von vielen verschiedenen Faktoren, das zum Erfolg f\u00fchrt. [\/vc_column_text][\/vc_column][\/vc_row][vc_row][vc_column width=&#8220;1\/2&#8243;][vc_single_image image=&#8220;219&#8243; img_size=&#8220;large&#8220; alignment=&#8220;center&#8220; css=&#8220;&#8220;][\/vc_column][vc_column width=&#8220;1\/2&#8243;][vc_single_image image=&#8220;212&#8243; img_size=&#8220;large&#8220; alignment=&#8220;center&#8220; css=&#8220;&#8220;][\/vc_column][\/vc_row][vc_row][vc_column][vc_column_text css=&#8220;&#8220;] Sind die Landgockel gro\u00df genug, werden Sie in ein Folienhaus mit Auslauf umquartiert. [\/vc_column_text][\/vc_column][\/vc_row][vc_row][vc_column][vc_row_inner][vc_column_inner][vc_images_carousel images=&#8220;216,215,214,213,211&#8243; img_size=&#8220;large&#8220; speed=&#8220;3000&#8243; slides_per_view=&#8220;3&#8243; autoplay=&#8220;yes&#8220; wrap=&#8220;yes&#8220; css=&#8220;&#8220;][\/vc_column_inner][\/vc_row_inner][\/vc_column][\/vc_row]<\/p>\n","protected":false},"author":1,"featured_media":0,"parent":12,"menu_order":0,"comment_status":"closed","ping_status":"closed","template":"","meta":{"footnotes":""},"class_list":["post-207","page","type-page","status-publish","hentry"],"_links":{"self":[{"href":"https:\/\/gefluegelvombrunnenhof.de\/index.php\/wp-json\/wp\/v2\/pages\/207","targetHints":{"allow":["GET"]}}],"collection":[{"href":"https:\/\/gefluegelvombrunnenhof.de\/index.php\/wp-json\/wp\/v2\/pages"}],"about":[{"href":"https:\/\/gefluegelvombrunnenhof.de\/index.php\/wp-json\/wp\/v2\/types\/page"}],"author":[{"embeddable":true,"href":"https:\/\/gefluegelvombrunnenhof.de\/index.php\/wp-json\/wp\/v2\/users\/1"}],"replies":[{"embeddable":true,"href":"https:\/\/gefluegelvombrunnenhof.de\/index.php\/wp-json\/wp\/v2\/comments?post=207"}],"version-history":[{"count":6,"href":"https:\/\/gefluegelvombrunnenhof.de\/index.php\/wp-json\/wp\/v2\/pages\/207\/revisions"}],"predecessor-version":[{"id":525,"href":"https:\/\/gefluegelvombrunnenhof.de\/index.php\/wp-json\/wp\/v2\/pages\/207\/revisions\/525"}],"up":[{"embeddable":true,"href":"https:\/\/gefluegelvombrunnenhof.de\/index.php\/wp-json\/wp\/v2\/pages\/12"}],"wp:attachment":[{"href":"https:\/\/gefluegelvombrunnenhof.de\/index.php\/wp-json\/wp\/v2\/media?parent=207"}],"curies":[{"name":"wp","href":"https:\/\/api.w.org\/{rel}","templated":true}]}}