{"id":2,"date":"2025-01-18T11:46:21","date_gmt":"2025-01-18T11:46:21","guid":{"rendered":"https:\/\/hohenloher-landgockel.de\/?page_id=2"},"modified":"2025-10-10T16:54:21","modified_gmt":"2025-10-10T16:54:21","slug":"sample-page","status":"publish","type":"page","link":"https:\/\/gefluegelvombrunnenhof.de\/","title":{"rendered":"Startseite"},"content":{"rendered":"<div class=\"wpb-content-wrapper\"><p>[vc_row][vc_column width=&#8220;1\/3&#8243;][vc_single_image image=&#8220;55&#8243; img_size=&#8220;medium&#8220; alignment=&#8220;center&#8220; css=&#8220;&#8220;][vc_column_text css=&#8220;&#8220;]<\/p>\n<h3 style=\"text-align: center;\"><strong>M\u00e4usdorfer Hofladen<\/strong><\/h3>\n<p style=\"text-align: center;\">Entdecken Sie unser Naturkost Vollsortiment: In unserem Hofladen finden Sie neben unseren Produkten aus eigener Herstellung auch Gem\u00fcse und Obst sowie ein Grundsortiment an Naturkost-, Molkerei-, Trockenprodukten. Alle Produkte entstammen kontrolliert biologischem Anbau, wenn verf\u00fcgbar demeter-zertifiziert.<\/p>\n<p>[\/vc_column_text][vc_btn title=&#8220;Unsere \u00d6ffnungszeiten&#8220; shape=&#8220;square&#8220; color=&#8220;blue&#8220; align=&#8220;center&#8220; css=&#8220;&#8220; link=&#8220;url:https%3A%2F%2Fgefluegelvombrunnenhof.de%2Findex.php%2Fmaeusdorfer-hofladen%2F|title:Hofladen&#8220;][\/vc_column][vc_column width=&#8220;1\/3&#8243;][vc_single_image image=&#8220;56&#8243; img_size=&#8220;medium&#8220; alignment=&#8220;center&#8220; css=&#8220;&#8220;][vc_column_text css=&#8220;&#8220;]<\/p>\n<h3 style=\"text-align: center;\"><strong>Online Bestellung<\/strong><\/h3>\n<p style=\"text-align: center;\">Ganz einfach \u00fcber unseren Online-Hofladen oder mit unserer <a href=\"https:\/\/hohenloher-landgockel.de\/wp-content\/uploads\/2025\/01\/EV_brutto_ab-04_26.docx\">Bestellliste <\/a>per Mail bestellen und ein Postpaket bekommen oder selbst am Hof abholen!<\/p>\n<p>[\/vc_column_text][vc_btn title=&#8220;Online-Hofladen&#8220; shape=&#8220;square&#8220; color=&#8220;blue&#8220; align=&#8220;center&#8220; css=&#8220;&#8220; link=&#8220;url:https%3A%2F%2Fbrunnenhof-laden.friedhold.de%2F|title:Online%20Hofladen%20Brunnenhof|target:_blank&#8220;][\/vc_column][vc_column width=&#8220;1\/3&#8243;][vc_video link=&#8220;https:\/\/www.youtube.com\/watch?v=1sj26rGVIoc&amp;t=2s&#8220; align=&#8220;center&#8220; css=&#8220;&#8220;][vc_column_text css=&#8220;&#8220;]<\/p>\n<h3 style=\"text-align: center;\"><strong>Der Brunnenhof<\/strong><\/h3>\n<p style=\"text-align: center;\">Die Gefl\u00fcgelhaltung ist Schwerpunkt des Demeter-Betriebes. Der Brunnenhof verf\u00fcgt \u00fcber eine eigene EU-zertifizierte Manufaktur.<br \/>\nUnter Aktuelles finden Sie Neuigkeiten \u00fcber den Brunnenhof, Trends, Innovationen und tolle Saison- und Angebots-Ware.[\/vc_column_text][vc_btn title=&#8220;Aktuelles&#8220; shape=&#8220;square&#8220; color=&#8220;blue&#8220; align=&#8220;center&#8220; css=&#8220;&#8220; link=&#8220;url:https%3A%2F%2Fgefluegelvombrunnenhof.de%2Findex.php%2Faktuelles%2F|title:Aktuelles&#8220;][\/vc_column][\/vc_row][vc_row][vc_column][vc_separator color=&#8220;blue&#8220; css=&#8220;&#8220;][\/vc_column][\/vc_row][vc_row][vc_column width=&#8220;1\/2&#8243;][vc_column_text css=&#8220;&#8220;]<\/p>\n<h3 style=\"text-align: center;\"><strong>Bio aus \u00dcberzeugung &#8211; <\/strong>Wir liefern Demeter-zertifizierte Produkte<\/h3>\n<p style=\"text-align: center;\">Demeter steht f\u00fcr Produkte der biologisch-dynamischen Wirtschaftsweise. Diese \u00e4lteste \u00f6kologische Form der Landbewirtschaftung geht auf Impulse von Rudolf Steiner zur\u00fcck, der Anfang des 20. Jahrhunderts auch die Waldorfp\u00e4dagogik und die anthroposophische Heilweise initiierte. Seit 1924 vertrauen Menschen weltweit auf die Qualit\u00e4t von Lebensmitteln aus Demeter-Landwirtschaft. Biodynamisch gilt sie als die nachhaltigste Form der Landbewirtschaftung.<\/p>\n<p>[\/vc_column_text][\/vc_column][vc_column width=&#8220;1\/2&#8243;][vc_single_image image=&#8220;58&#8243; img_size=&#8220;large&#8220; alignment=&#8220;center&#8220; css=&#8220;&#8220;][\/vc_column][\/vc_row][vc_row][vc_column][vc_separator color=&#8220;blue&#8220; css=&#8220;&#8220;][vc_row_inner][vc_column_inner][vc_column_text css=&#8220;&#8220;]<\/p>\n<h3 style=\"text-align: center;\"><strong>Auf dem Laufenden bleiben<\/strong><\/h3>\n<p style=\"text-align: center;\">Um \u00fcber Aktionen, Produktneuheiten und saisonale Angebote informiert zu bleiben, einfach unseren Newsletter abonnieren: <a href=\"https:\/\/brunnenhof-laden.friedhold.de\/newsletter\/\" target=\"_blank\" rel=\"noopener\">Newsletter vom Brunnenhof \ud83d\udce7<\/a>. Keine Sorge, wir gehen sparsam damit um.<\/p>\n<p>[\/vc_column_text][vc_empty_space][\/vc_column_inner][\/vc_row_inner][vc_separator color=&#8220;blue&#8220; css=&#8220;&#8220;][vc_column_text css=&#8220;&#8220;]<\/p>\n<h3 style=\"text-align: center;\"><strong>Das sagen unsere Kunden und Kundinnen<\/strong><\/h3>\n<p style=\"text-align: center;\">Seit vielen Jahren beliefern wir unterschiedliche Restaurants und andere gastronomische Einrichtungen in unserer Region, in S\u00fcddeutschland, aber auch deutschlandweit. Zahlreiche K\u00f6chinnen und K\u00f6che setzen auf unsere Gefl\u00fcgelprodukte zur Verfeinerung ihrer Speisekarten, f\u00fcr viele sind wir aber inzwischen ein fester Bestandteil ihrer Standardgerichte. Unten eine kleine Auswahl an Feedback, das wir in dieser Form immer wieder bekommen und uns in unserer Arbeit st\u00e4ndig motiviert und best\u00e4rkt.<\/p>\n<p>[\/vc_column_text][\/vc_column][\/vc_row][vc_row][vc_column width=&#8220;1\/3&#8243;][vc_single_image image=&#8220;426&#8243; img_size=&#8220;large&#8220; alignment=&#8220;center&#8220; onclick=&#8220;custom_link&#8220; img_link_target=&#8220;_blank&#8220; css=&#8220;&#8220; link=&#8220;https:\/\/kulinarik.besh.de\/gaststaetten\/mohrenkoepfle-gastronomie&#8220;][vc_column_text css=&#8220;&#8220;]<\/p>\n<p style=\"text-align: center;\">\u2b50\u2b50\u2b50\u2b50\u2b50<\/p>\n<p style=\"text-align: center;\">Maximilian Korschinsky ist K\u00fcchenchef in der Gastronomie Mohrenk\u00f6pfle im Bauernmarkt in Wolpertshausen und war auch in der K\u00fcche des Bio-Restaurant des Schlosshotels Kirchberg t\u00e4tig.<\/p>\n<p style=\"text-align: center;\">\u201eF\u00fcr mich gibt es keine Alternative zum Gefl\u00fcgel vom Brunnenhof. So muss eine Beziehung zwischen Erzeuger und Gastronom sein \u2013 fair, auf Augenh\u00f6he, verantwortungsvoll und nachhaltig. Ich bin stolz und froh auf diese tolle Partnerschaft.\u201c<\/p>\n<p>[\/vc_column_text][\/vc_column][vc_column width=&#8220;1\/3&#8243;][vc_single_image image=&#8220;379&#8243; img_size=&#8220;large&#8220; alignment=&#8220;center&#8220; onclick=&#8220;custom_link&#8220; img_link_target=&#8220;_blank&#8220; css=&#8220;&#8220; link=&#8220;https:\/\/schlosshotel-friedrichsruhe.de\/gourmet-restaurant-le-cerf\/&#8220;][vc_column_text css_animation=&#8220;none&#8220; css=&#8220;&#8220; el_id=&#8220;16892&#8243;]<\/p>\n<p style=\"text-align: center;\">\u2b50\u2b50\u2b50\u2b50\u2b50<\/p>\n<p style=\"text-align: center;\">Im November 2017 wurde das Gourmet-Restaurant &#8222;Le Cerf&#8220; im Wald- &amp; Schlosshotel Friedrichsruhe mit einem zweiten Stern im Guide Michelin ausgezeichnet. Boris Rommels K\u00fcche ist eine Fusion aus franz\u00f6sischer Haute Cuisine und regionaler Kost.<\/p>\n<p style=\"text-align: center;\">&#8220; Das Bio-Gefl\u00fcgel vom Brunnenhof bietet nicht nur beste und gleichbleibende Qualit\u00e4t sondern ist auch einzigartig im Geschmack. Dies ist mir besonders wichtig, da ich das Gefl\u00fcgel sehr gerne in unserem regionalen Restaurant &#8222;J\u00e4gerstube&#8220; wie auch im Gourmet-Restaurant &#8222;Le Cerf&#8220; verarbeite. Seit Anbeginn schon pflegen das Schlosshotel Friedrichsruhe und der Brunnenhof M\u00e4usdorf eine tolle Zusammenarbeit mit bester Beratung des fachkundigen Personals. Auch ich bin \u00fcberzeugt von der Brunnenhof-Qualit\u00e4t. Ein wirklich zuverl\u00e4ssiger Partner in Lieferung und Qualit\u00e4t!&#8220;<\/p>\n<p>[\/vc_column_text][\/vc_column][vc_column width=&#8220;1\/3&#8243;][vc_single_image image=&#8220;421&#8243; img_size=&#8220;large&#8220; alignment=&#8220;center&#8220; onclick=&#8220;custom_link&#8220; img_link_target=&#8220;_blank&#8220; css=&#8220;&#8220; link=&#8220;https:\/\/www.restaurant-waldschloessle.de\/&#8220;][vc_column_text css=&#8220;&#8220;]<\/p>\n<p style=\"text-align: center;\">\u2b50\u2b50\u2b50\u2b50\u2b50<\/p>\n<p style=\"text-align: center;\">Die Philosophie im Restaurant Waldschl\u00f6ssle in Fellbach ist, die Regionalit\u00e4t des Remstales in den Vordergrund zu stellen und in Verbindung mit zeitgem\u00e4\u00dfer, innovativer deutscher K\u00fcche wider zu spiegeln.<\/p>\n<p style=\"text-align: center;\">&#8222;Wir arbeiten schon seit der Er\u00f6ffnung unseres Restaurants mit dem Brunnenhof zusammen. Sowohl unsere G\u00e4ste als auch wir sind 100% von der Qualit\u00e4t \u00fcberzeugt, welche gemeinsam mit der gro\u00dfgeschriebenen Nachhaltigkeit f\u00fcr uns die perfekte Kombination bietet.&#8220;<\/p>\n<p>[\/vc_column_text][\/vc_column][\/vc_row][vc_row][vc_column width=&#8220;1\/3&#8243;][vc_single_image image=&#8220;425&#8243; img_size=&#8220;large&#8220; alignment=&#8220;center&#8220; onclick=&#8220;custom_link&#8220; img_link_target=&#8220;_blank&#8220; css=&#8220;&#8220; link=&#8220;http:\/\/www.metzgerei-hoefer.de\/start\/&#8220;][vc_column_text css=&#8220;&#8220;]<\/p>\n<p style=\"text-align: center;\">\u2b50\u2b50\u2b50\u2b50\u2b50<\/p>\n<p style=\"text-align: center;\">Wir, die Metzgerei H\u00f6fer, sind im Herzen des Welzheimer Waldes gelegen, mitten im Naturpark-Schw\u00e4bisch-Fr\u00e4nkischer-Wald. Unsere 90 j\u00e4hrige Firmenphilosophie ist von Anfang an auf regionale Produkte und Naturverbundenheit ausgelegt. Daher beziehen wir unser Gefl\u00fcgel seit nunmehr \u00fcber 10 Jahren vom Bio-Brunnenhof.<\/p>\n<p>[\/vc_column_text][\/vc_column][vc_column width=&#8220;1\/3&#8243;][\/vc_column][vc_column width=&#8220;1\/3&#8243;][\/vc_column][\/vc_row]<\/p>\n<\/div>","protected":false},"excerpt":{"rendered":"<p>[vc_row][vc_column width=&#8220;1\/3&#8243;][vc_single_image image=&#8220;55&#8243; img_size=&#8220;medium&#8220; alignment=&#8220;center&#8220; css=&#8220;&#8220;][vc_column_text css=&#8220;&#8220;] M\u00e4usdorfer Hofladen Entdecken Sie unser Naturkost Vollsortiment: In unserem Hofladen finden Sie neben unseren Produkten aus eigener Herstellung auch Gem\u00fcse und Obst sowie ein Grundsortiment an Naturkost-, Molkerei-, Trockenprodukten. Alle Produkte entstammen kontrolliert biologischem Anbau, wenn verf\u00fcgbar demeter-zertifiziert. [\/vc_column_text][vc_btn title=&#8220;Unsere \u00d6ffnungszeiten&#8220; shape=&#8220;square&#8220; color=&#8220;blue&#8220; align=&#8220;center&#8220; css=&#8220;&#8220; link=&#8220;url:https%3A%2F%2Fgefluegelvombrunnenhof.de%2Findex.php%2Fmaeusdorfer-hofladen%2F|title:Hofladen&#8220;][\/vc_column][vc_column width=&#8220;1\/3&#8243;][vc_single_image image=&#8220;56&#8243; img_size=&#8220;medium&#8220; alignment=&#8220;center&#8220; css=&#8220;&#8220;][vc_column_text css=&#8220;&#8220;] Online Bestellung Ganz einfach \u00fcber unseren Online-Hofladen oder mit unserer Bestellliste per Mail bestellen und ein Postpaket bekommen oder selbst am Hof abholen! [\/vc_column_text][vc_btn title=&#8220;Online-Hofladen&#8220; shape=&#8220;square&#8220; color=&#8220;blue&#8220; align=&#8220;center&#8220; css=&#8220;&#8220; link=&#8220;url:https%3A%2F%2Fbrunnenhof-laden.friedhold.de%2F|title:Online%20Hofladen%20Brunnenhof|target:_blank&#8220;][\/vc_column][vc_column width=&#8220;1\/3&#8243;][vc_video link=&#8220;https:\/\/www.youtube.com\/watch?v=1sj26rGVIoc&amp;t=2s&#8220; align=&#8220;center&#8220; css=&#8220;&#8220;][vc_column_text css=&#8220;&#8220;] Der Brunnenhof Die Gefl\u00fcgelhaltung ist Schwerpunkt des Demeter-Betriebes. Der Brunnenhof verf\u00fcgt \u00fcber eine eigene EU-zertifizierte Manufaktur. Unter Aktuelles finden Sie Neuigkeiten \u00fcber den Brunnenhof, Trends, Innovationen und tolle Saison- und Angebots-Ware.[\/vc_column_text][vc_btn title=&#8220;Aktuelles&#8220; shape=&#8220;square&#8220; color=&#8220;blue&#8220; align=&#8220;center&#8220; css=&#8220;&#8220; link=&#8220;url:https%3A%2F%2Fgefluegelvombrunnenhof.de%2Findex.php%2Faktuelles%2F|title:Aktuelles&#8220;][\/vc_column][\/vc_row][vc_row][vc_column][vc_separator color=&#8220;blue&#8220; css=&#8220;&#8220;][\/vc_column][\/vc_row][vc_row][vc_column width=&#8220;1\/2&#8243;][vc_column_text css=&#8220;&#8220;] Bio aus \u00dcberzeugung &#8211; Wir liefern Demeter-zertifizierte Produkte Demeter steht f\u00fcr Produkte der biologisch-dynamischen Wirtschaftsweise. Diese \u00e4lteste \u00f6kologische Form der Landbewirtschaftung geht auf Impulse von Rudolf Steiner zur\u00fcck, der Anfang des 20. Jahrhunderts auch die Waldorfp\u00e4dagogik und die anthroposophische Heilweise initiierte. Seit 1924 vertrauen Menschen weltweit auf die Qualit\u00e4t von Lebensmitteln aus Demeter-Landwirtschaft. Biodynamisch gilt sie als die nachhaltigste Form der Landbewirtschaftung. [\/vc_column_text][\/vc_column][vc_column width=&#8220;1\/2&#8243;][vc_single_image image=&#8220;58&#8243; img_size=&#8220;large&#8220; alignment=&#8220;center&#8220; css=&#8220;&#8220;][\/vc_column][\/vc_row][vc_row][vc_column][vc_separator color=&#8220;blue&#8220; css=&#8220;&#8220;][vc_row_inner][vc_column_inner][vc_column_text css=&#8220;&#8220;] Auf dem Laufenden bleiben Um \u00fcber Aktionen, Produktneuheiten und saisonale Angebote informiert zu bleiben, einfach unseren Newsletter abonnieren: Newsletter vom Brunnenhof \ud83d\udce7. Keine Sorge, wir gehen sparsam damit um. [\/vc_column_text][vc_empty_space][\/vc_column_inner][\/vc_row_inner][vc_separator color=&#8220;blue&#8220; css=&#8220;&#8220;][vc_column_text css=&#8220;&#8220;] Das sagen unsere Kunden und Kundinnen Seit vielen Jahren beliefern wir unterschiedliche Restaurants und andere gastronomische Einrichtungen in unserer Region, in S\u00fcddeutschland, aber auch deutschlandweit. Zahlreiche K\u00f6chinnen und K\u00f6che setzen auf unsere Gefl\u00fcgelprodukte zur Verfeinerung ihrer Speisekarten, f\u00fcr viele sind wir aber inzwischen ein fester Bestandteil ihrer Standardgerichte. Unten eine kleine Auswahl an Feedback, das wir in dieser Form immer wieder bekommen und uns in unserer Arbeit st\u00e4ndig motiviert und best\u00e4rkt. [\/vc_column_text][\/vc_column][\/vc_row][vc_row][vc_column width=&#8220;1\/3&#8243;][vc_single_image image=&#8220;426&#8243; img_size=&#8220;large&#8220; alignment=&#8220;center&#8220; onclick=&#8220;custom_link&#8220; img_link_target=&#8220;_blank&#8220; css=&#8220;&#8220; link=&#8220;https:\/\/kulinarik.besh.de\/gaststaetten\/mohrenkoepfle-gastronomie&#8220;][vc_column_text css=&#8220;&#8220;] \u2b50\u2b50\u2b50\u2b50\u2b50 Maximilian Korschinsky ist K\u00fcchenchef in der Gastronomie Mohrenk\u00f6pfle im Bauernmarkt in Wolpertshausen und war auch in der K\u00fcche des Bio-Restaurant des Schlosshotels Kirchberg t\u00e4tig. \u201eF\u00fcr mich gibt es keine Alternative zum Gefl\u00fcgel vom Brunnenhof. So muss eine Beziehung zwischen Erzeuger und Gastronom sein \u2013 fair, auf Augenh\u00f6he, verantwortungsvoll und nachhaltig. Ich bin stolz und froh auf diese tolle Partnerschaft.\u201c [\/vc_column_text][\/vc_column][vc_column width=&#8220;1\/3&#8243;][vc_single_image image=&#8220;379&#8243; img_size=&#8220;large&#8220; alignment=&#8220;center&#8220; onclick=&#8220;custom_link&#8220; img_link_target=&#8220;_blank&#8220; css=&#8220;&#8220; link=&#8220;https:\/\/schlosshotel-friedrichsruhe.de\/gourmet-restaurant-le-cerf\/&#8220;][vc_column_text css_animation=&#8220;none&#8220; css=&#8220;&#8220; el_id=&#8220;16892&#8243;] \u2b50\u2b50\u2b50\u2b50\u2b50 Im November 2017 wurde das Gourmet-Restaurant &#8222;Le Cerf&#8220; im Wald- &amp; Schlosshotel Friedrichsruhe mit einem zweiten Stern im Guide Michelin ausgezeichnet. Boris Rommels K\u00fcche ist eine Fusion aus franz\u00f6sischer Haute Cuisine und regionaler Kost. &#8220; Das Bio-Gefl\u00fcgel vom Brunnenhof bietet nicht nur beste und gleichbleibende Qualit\u00e4t sondern ist auch einzigartig im Geschmack. Dies ist mir besonders wichtig, da ich das Gefl\u00fcgel sehr gerne in unserem regionalen Restaurant &#8222;J\u00e4gerstube&#8220; wie auch im Gourmet-Restaurant &#8222;Le Cerf&#8220; verarbeite. Seit Anbeginn schon pflegen das Schlosshotel Friedrichsruhe und der Brunnenhof M\u00e4usdorf eine tolle Zusammenarbeit mit bester Beratung des fachkundigen Personals. Auch ich bin \u00fcberzeugt von der Brunnenhof-Qualit\u00e4t. Ein wirklich zuverl\u00e4ssiger Partner in Lieferung und Qualit\u00e4t!&#8220; [\/vc_column_text][\/vc_column][vc_column width=&#8220;1\/3&#8243;][vc_single_image image=&#8220;421&#8243; img_size=&#8220;large&#8220; alignment=&#8220;center&#8220; onclick=&#8220;custom_link&#8220; img_link_target=&#8220;_blank&#8220; css=&#8220;&#8220; link=&#8220;https:\/\/www.restaurant-waldschloessle.de\/&#8220;][vc_column_text css=&#8220;&#8220;] \u2b50\u2b50\u2b50\u2b50\u2b50 Die Philosophie im Restaurant Waldschl\u00f6ssle in Fellbach ist, die Regionalit\u00e4t des Remstales in den Vordergrund zu stellen und in Verbindung mit zeitgem\u00e4\u00dfer, innovativer deutscher K\u00fcche wider zu spiegeln. &#8222;Wir arbeiten schon seit der Er\u00f6ffnung unseres Restaurants mit dem Brunnenhof zusammen. Sowohl unsere G\u00e4ste als auch wir sind 100% von der Qualit\u00e4t \u00fcberzeugt, welche gemeinsam mit der gro\u00dfgeschriebenen Nachhaltigkeit f\u00fcr uns die perfekte Kombination bietet.&#8220; [\/vc_column_text][\/vc_column][\/vc_row][vc_row][vc_column width=&#8220;1\/3&#8243;][vc_single_image image=&#8220;425&#8243; img_size=&#8220;large&#8220; alignment=&#8220;center&#8220; onclick=&#8220;custom_link&#8220; img_link_target=&#8220;_blank&#8220; css=&#8220;&#8220; link=&#8220;http:\/\/www.metzgerei-hoefer.de\/start\/&#8220;][vc_column_text css=&#8220;&#8220;] \u2b50\u2b50\u2b50\u2b50\u2b50 Wir, die Metzgerei H\u00f6fer, sind im Herzen des Welzheimer Waldes gelegen, mitten im Naturpark-Schw\u00e4bisch-Fr\u00e4nkischer-Wald. Unsere 90 j\u00e4hrige Firmenphilosophie ist von Anfang an auf regionale Produkte und Naturverbundenheit ausgelegt. Daher beziehen wir unser Gefl\u00fcgel seit nunmehr \u00fcber 10 Jahren vom Bio-Brunnenhof. [\/vc_column_text][\/vc_column][vc_column width=&#8220;1\/3&#8243;][\/vc_column][vc_column width=&#8220;1\/3&#8243;][\/vc_column][\/vc_row]<\/p>\n","protected":false},"author":1,"featured_media":0,"parent":0,"menu_order":0,"comment_status":"closed","ping_status":"closed","template":"","meta":{"footnotes":""},"class_list":["post-2","page","type-page","status-publish","hentry"],"_links":{"self":[{"href":"https:\/\/gefluegelvombrunnenhof.de\/index.php\/wp-json\/wp\/v2\/pages\/2","targetHints":{"allow":["GET"]}}],"collection":[{"href":"https:\/\/gefluegelvombrunnenhof.de\/index.php\/wp-json\/wp\/v2\/pages"}],"about":[{"href":"https:\/\/gefluegelvombrunnenhof.de\/index.php\/wp-json\/wp\/v2\/types\/page"}],"author":[{"embeddable":true,"href":"https:\/\/gefluegelvombrunnenhof.de\/index.php\/wp-json\/wp\/v2\/users\/1"}],"replies":[{"embeddable":true,"href":"https:\/\/gefluegelvombrunnenhof.de\/index.php\/wp-json\/wp\/v2\/comments?post=2"}],"version-history":[{"count":39,"href":"https:\/\/gefluegelvombrunnenhof.de\/index.php\/wp-json\/wp\/v2\/pages\/2\/revisions"}],"predecessor-version":[{"id":713,"href":"https:\/\/gefluegelvombrunnenhof.de\/index.php\/wp-json\/wp\/v2\/pages\/2\/revisions\/713"}],"wp:attachment":[{"href":"https:\/\/gefluegelvombrunnenhof.de\/index.php\/wp-json\/wp\/v2\/media?parent=2"}],"curies":[{"name":"wp","href":"https:\/\/api.w.org\/{rel}","templated":true}]}}