{"id":196,"date":"2025-01-24T16:39:23","date_gmt":"2025-01-24T16:39:23","guid":{"rendered":"https:\/\/hohenloher-landgockel.de\/?page_id=196"},"modified":"2025-01-30T11:05:03","modified_gmt":"2025-01-30T11:05:03","slug":"putenhaltung","status":"publish","type":"page","link":"https:\/\/gefluegelvombrunnenhof.de\/index.php\/unser-konzept\/putenhaltung\/","title":{"rendered":"Putenhaltung"},"content":{"rendered":"<div class=\"wpb-content-wrapper\"><p>[vc_row][vc_column][vc_column_text css=&#8220;&#8220;]<\/p>\n<p style=\"text-align: center;\">Der Brunnenhof als Pionier in der Demeter-Putenhaltung gilt weltweit als gr\u00f6\u00dfter und einziger Demeter-Betrieb mit ganzj\u00e4hriger Putenhaltung. Landwirt Maik Noz gilt als Mit-Begr\u00fcnder der nationalen und internationalen Richtlinien der Demeter-Putenhaltung und arbeitete wegweisend an deren Entwicklung mit.<\/p>\n<p style=\"text-align: center;\">Bis 2011 wurden auch die Puten auf dem Brunnenhof von Hand aufgezogen, dann stand man vor der Entscheidung \u201eentweder die K\u00fckenaufzucht oder die hofeigene Manufaktur ausbauen\u201c. Die Putenaufzucht wurde danach vertrauensvoll in die H\u00e4nde eines Bio-Netzwerkpartners \u00fcbergeben. Die letzten zwei Wochen der Aufzucht \u00fcbernimmt der Brunnenhof aber noch immer in Eigenregie, um die Tiere fr\u00fchestm\u00f6glich an ihr neues Zuhause zu gew\u00f6hnen.<\/p>\n<p style=\"text-align: center;\">Die Puten kommen also als Jungtiere auf den Brunnenhof und werden direkt in einen Folienstall mit gro\u00dffl\u00e4chigem Auslauf einquartiert. Hier k\u00f6nnen sie t\u00e4glich selbst entscheiden, ob sie sich im gesch\u00fctzten Stall oder auf den Streuobstwiesen aufhalten wollen. T\u00e4glich schauen die landwirtschaftlichen Mitarbeiter bei den Herden vorbei, pr\u00fcfen die Futter- und Wasserverf\u00fcgbarkeit und sorgen f\u00fcr das Wohl der Tiere.<\/p>\n<p>[\/vc_column_text][\/vc_column][\/vc_row][vc_row][vc_column][vc_images_carousel images=&#8220;233,232,32,49,416,417,418,419&#8243; img_size=&#8220;large&#8220; speed=&#8220;3000&#8243; slides_per_view=&#8220;3&#8243; autoplay=&#8220;yes&#8220; wrap=&#8220;yes&#8220; css=&#8220;&#8220;][\/vc_column][\/vc_row]<\/p>\n<\/div>","protected":false},"excerpt":{"rendered":"<p>[vc_row][vc_column][vc_column_text css=&#8220;&#8220;] Der Brunnenhof als Pionier in der Demeter-Putenhaltung gilt weltweit als gr\u00f6\u00dfter und einziger Demeter-Betrieb mit ganzj\u00e4hriger Putenhaltung. Landwirt Maik Noz gilt als Mit-Begr\u00fcnder der nationalen und internationalen Richtlinien der Demeter-Putenhaltung und arbeitete wegweisend an deren Entwicklung mit. Bis 2011 wurden auch die Puten auf dem Brunnenhof von Hand aufgezogen, dann stand man vor der Entscheidung \u201eentweder die K\u00fckenaufzucht oder die hofeigene Manufaktur ausbauen\u201c. Die Putenaufzucht wurde danach vertrauensvoll in die H\u00e4nde eines Bio-Netzwerkpartners \u00fcbergeben. Die letzten zwei Wochen der Aufzucht \u00fcbernimmt der Brunnenhof aber noch immer in Eigenregie, um die Tiere fr\u00fchestm\u00f6glich an ihr neues Zuhause zu gew\u00f6hnen. Die Puten kommen also als Jungtiere auf den Brunnenhof und werden direkt in einen Folienstall mit gro\u00dffl\u00e4chigem Auslauf einquartiert. Hier k\u00f6nnen sie t\u00e4glich selbst entscheiden, ob sie sich im gesch\u00fctzten Stall oder auf den Streuobstwiesen aufhalten wollen. T\u00e4glich schauen die landwirtschaftlichen Mitarbeiter bei den Herden vorbei, pr\u00fcfen die Futter- und Wasserverf\u00fcgbarkeit und sorgen f\u00fcr das Wohl der Tiere. [\/vc_column_text][\/vc_column][\/vc_row][vc_row][vc_column][vc_images_carousel images=&#8220;233,232,32,49,416,417,418,419&#8243; img_size=&#8220;large&#8220; speed=&#8220;3000&#8243; slides_per_view=&#8220;3&#8243; autoplay=&#8220;yes&#8220; wrap=&#8220;yes&#8220; css=&#8220;&#8220;][\/vc_column][\/vc_row]<\/p>\n","protected":false},"author":1,"featured_media":0,"parent":12,"menu_order":0,"comment_status":"closed","ping_status":"closed","template":"","meta":{"footnotes":""},"class_list":["post-196","page","type-page","status-publish","hentry"],"_links":{"self":[{"href":"https:\/\/gefluegelvombrunnenhof.de\/index.php\/wp-json\/wp\/v2\/pages\/196","targetHints":{"allow":["GET"]}}],"collection":[{"href":"https:\/\/gefluegelvombrunnenhof.de\/index.php\/wp-json\/wp\/v2\/pages"}],"about":[{"href":"https:\/\/gefluegelvombrunnenhof.de\/index.php\/wp-json\/wp\/v2\/types\/page"}],"author":[{"embeddable":true,"href":"https:\/\/gefluegelvombrunnenhof.de\/index.php\/wp-json\/wp\/v2\/users\/1"}],"replies":[{"embeddable":true,"href":"https:\/\/gefluegelvombrunnenhof.de\/index.php\/wp-json\/wp\/v2\/comments?post=196"}],"version-history":[{"count":10,"href":"https:\/\/gefluegelvombrunnenhof.de\/index.php\/wp-json\/wp\/v2\/pages\/196\/revisions"}],"predecessor-version":[{"id":420,"href":"https:\/\/gefluegelvombrunnenhof.de\/index.php\/wp-json\/wp\/v2\/pages\/196\/revisions\/420"}],"up":[{"embeddable":true,"href":"https:\/\/gefluegelvombrunnenhof.de\/index.php\/wp-json\/wp\/v2\/pages\/12"}],"wp:attachment":[{"href":"https:\/\/gefluegelvombrunnenhof.de\/index.php\/wp-json\/wp\/v2\/media?parent=196"}],"curies":[{"name":"wp","href":"https:\/\/api.w.org\/{rel}","templated":true}]}}