{"id":172,"date":"2025-01-24T11:05:15","date_gmt":"2025-01-24T11:05:15","guid":{"rendered":"https:\/\/hohenloher-landgockel.de\/?page_id=172"},"modified":"2025-10-10T16:51:08","modified_gmt":"2025-10-10T16:51:08","slug":"maeusdorfer-landgockel","status":"publish","type":"page","link":"https:\/\/gefluegelvombrunnenhof.de\/index.php\/maeusdorfer-landgockel\/","title":{"rendered":"M\u00e4usdorfer Landgockel"},"content":{"rendered":"<div class=\"wpb-content-wrapper\"><p>[vc_row][vc_column][vc_column_text css=&#8220;&#8220;]<\/p>\n<p style=\"text-align: center;\">Die tier- und artgerechte F\u00fctterung und Haltung unserer Tiere erzeugt eine hervorragende Fleischqualit\u00e4t. \u00dcberzeugen Sie sich von der Zartheit und Saftigkeit unseres Landgockels und probieren Sie gerne unser Lieblingsrezept: <a href=\"https:\/\/hohenloher-landgockel.de\/wp-content\/uploads\/2025\/06\/Landgockel-Rezept-Rosmaringockel.pdf\" target=\"_blank\" rel=\"noopener\">Rosmaringockel<\/a>. Unser Gefl\u00fcgel und die Teile sind nach M\u00f6glichkeit weitgehend vakuumiert. Dadurch ergibt sich ein Frische-Verbrauchsdatum von 10-12 Tagen nach Schlachtung. Tiefgek\u00fchlt l\u00e4sst sich Gefl\u00fcgel bis zu 11 Monate lang lagern.<\/p>\n<p>[\/vc_column_text][\/vc_column][\/vc_row][vc_row][vc_column][vc_single_image image=&#8220;149&#8243; img_size=&#8220;medium&#8220; alignment=&#8220;center&#8220; css=&#8220;&#8220;][\/vc_column][\/vc_row]<\/p>\n<\/div>","protected":false},"excerpt":{"rendered":"<p>[vc_row][vc_column][vc_column_text css=&#8220;&#8220;] Die tier- und artgerechte F\u00fctterung und Haltung unserer Tiere erzeugt eine hervorragende Fleischqualit\u00e4t. \u00dcberzeugen Sie sich von der Zartheit und Saftigkeit unseres Landgockels und probieren Sie gerne unser Lieblingsrezept: Rosmaringockel. Unser Gefl\u00fcgel und die Teile sind nach M\u00f6glichkeit weitgehend vakuumiert. Dadurch ergibt sich ein Frische-Verbrauchsdatum von 10-12 Tagen nach Schlachtung. Tiefgek\u00fchlt l\u00e4sst sich Gefl\u00fcgel bis zu 11 Monate lang lagern. [\/vc_column_text][\/vc_column][\/vc_row][vc_row][vc_column][vc_single_image image=&#8220;149&#8243; img_size=&#8220;medium&#8220; alignment=&#8220;center&#8220; css=&#8220;&#8220;][\/vc_column][\/vc_row]<\/p>\n","protected":false},"author":1,"featured_media":0,"parent":0,"menu_order":0,"comment_status":"closed","ping_status":"closed","template":"","meta":{"footnotes":""},"class_list":["post-172","page","type-page","status-publish","hentry"],"_links":{"self":[{"href":"https:\/\/gefluegelvombrunnenhof.de\/index.php\/wp-json\/wp\/v2\/pages\/172","targetHints":{"allow":["GET"]}}],"collection":[{"href":"https:\/\/gefluegelvombrunnenhof.de\/index.php\/wp-json\/wp\/v2\/pages"}],"about":[{"href":"https:\/\/gefluegelvombrunnenhof.de\/index.php\/wp-json\/wp\/v2\/types\/page"}],"author":[{"embeddable":true,"href":"https:\/\/gefluegelvombrunnenhof.de\/index.php\/wp-json\/wp\/v2\/users\/1"}],"replies":[{"embeddable":true,"href":"https:\/\/gefluegelvombrunnenhof.de\/index.php\/wp-json\/wp\/v2\/comments?post=172"}],"version-history":[{"count":7,"href":"https:\/\/gefluegelvombrunnenhof.de\/index.php\/wp-json\/wp\/v2\/pages\/172\/revisions"}],"predecessor-version":[{"id":728,"href":"https:\/\/gefluegelvombrunnenhof.de\/index.php\/wp-json\/wp\/v2\/pages\/172\/revisions\/728"}],"wp:attachment":[{"href":"https:\/\/gefluegelvombrunnenhof.de\/index.php\/wp-json\/wp\/v2\/media?parent=172"}],"curies":[{"name":"wp","href":"https:\/\/api.w.org\/{rel}","templated":true}]}}