{"id":140,"date":"2025-01-23T09:59:09","date_gmt":"2025-01-23T09:59:09","guid":{"rendered":"https:\/\/hohenloher-landgockel.de\/?page_id=140"},"modified":"2026-02-12T17:28:08","modified_gmt":"2026-02-12T17:28:08","slug":"unsere-gefluegelspezialitaeten","status":"publish","type":"page","link":"https:\/\/gefluegelvombrunnenhof.de\/index.php\/unsere-gefluegelspezialitaeten\/","title":{"rendered":"Unsere Gefl\u00fcgelspezialit\u00e4ten"},"content":{"rendered":"<div class=\"wpb-content-wrapper\"><p>[vc_row][vc_column][vc_column_text css=&#8220;&#8220;]<\/p>\n<p style=\"text-align: center;\">Unsere Gefl\u00fcgelspezialit\u00e4ten werden frisch, ganz und zerlegt, vakuumverpackt, aber auch verarbeitet und als Wurst und R\u00e4ucherware im eigenen Hofladen verkauft. Dar\u00fcber hinaus liefern wir an gastronomische Betriebe, Naturkostl\u00e4den, Gemeinschaftsverpflegung, Naturkostgro\u00dfhandel, Einzelhandel sowie Hofl\u00e4den der Region. \u00dcbrigens: Interessierte k\u00f6nnen uns nach Absprache gerne besuchen und sich von unserer artgerechten und wesensgem\u00e4\u00dfen Gefl\u00fcgelhaltung \u00fcberzeugen.<\/p>\n<p>[\/vc_column_text][\/vc_column][\/vc_row][vc_row][vc_column width=&#8220;1\/4&#8243;][vc_hoverbox image=&#8220;149&#8243; primary_title=&#8220;&#8220; hover_title=&#8220;M\u00e4usdorfer Landgockel&#8220;]Als Braten oder als Fleischbeilage. <a href=\"https:\/\/gefluegelvombrunnenhof.de\/index.php\/maeusdorfer-landgockel\/\">Mehr lesen.<\/a>[\/vc_hoverbox][\/vc_column][vc_column width=&#8220;1\/4&#8243;][vc_hoverbox image=&#8220;150&#8243; primary_title=&#8220;&#8220; hover_title=&#8220;M\u00e4usdorfer Landpute&#8220;]Von der Brust bis zur Keule, natur und mariniert. <a href=\"https:\/\/gefluegelvombrunnenhof.de\/index.php\/maeusdorfer-landpute\/\">Mehr lesen.<\/a>[\/vc_hoverbox][\/vc_column][vc_column width=&#8220;1\/4&#8243;][vc_hoverbox image=&#8220;143&#8243; primary_title=&#8220;&#8220; hover_title=&#8220;Bio-Gans&#8220;]F\u00fcr den besonderen Anlass. <a href=\"https:\/\/hohenloher-landgockel.de\/index.php\/bio-gans\/\">Mehr lesen.<\/a><\/p>\n<p>&nbsp;[\/vc_hoverbox][\/vc_column][vc_column width=&#8220;1\/4&#8243;][vc_hoverbox image=&#8220;144&#8243; primary_title=&#8220;&#8220; hover_title=&#8220;Bio-Ente&#8220;]F\u00fcr den festlichen Anlass. <a href=\"https:\/\/gefluegelvombrunnenhof.de\/index.php\/bio-ente\/\">Mehr lesen.<\/a>[\/vc_hoverbox][\/vc_column][\/vc_row][vc_row][vc_column]<div class=\"ult-spacer spacer-69f289572923a\" data-id=\"69f289572923a\" data-height=\"10\" data-height-mobile=\"10\" data-height-tab=\"10\" data-height-tab-portrait=\"\" data-height-mobile-landscape=\"\" style=\"clear:both;display:block;\"><\/div>[vc_separator color=&#8220;blue&#8220; css=&#8220;&#8220;][vc_btn title=&#8220;Alle Produkte sehen!&#8220; color=&#8220;blue&#8220; size=&#8220;lg&#8220; align=&#8220;center&#8220; css=&#8220;&#8220; link=&#8220;url:https%3A%2F%2Fgefluegelvombrunnenhof.de%2Fwp-content%2Fuploads%2F2025%2F06%2FGenusskatalog-mit-EV-Liste_ab-04_26.pdf|title:Genusskatalog|target:_blank&#8220;][\/vc_column][\/vc_row][vc_row][vc_column width=&#8220;1\/2&#8243;]<div class=\"ult-spacer spacer-69f2895729256\" data-id=\"69f2895729256\" data-height=\"\" data-height-mobile=\"\" data-height-tab=\"\" data-height-tab-portrait=\"\" data-height-mobile-landscape=\"\" style=\"clear:both;display:block;\"><\/div><div class=\"ult-spacer spacer-69f2895729262\" data-id=\"69f2895729262\" data-height=\"\" data-height-mobile=\"\" data-height-tab=\"\" data-height-tab-portrait=\"\" data-height-mobile-landscape=\"\" style=\"clear:both;display:block;\"><\/div>[vc_column_text css=&#8220;&#8220;]<\/p>\n<h3 style=\"text-align: center;\">Hofeigene Bio-Gefl\u00fcgelspezialit\u00e4ten aus unserer Manufaktur<\/h3>\n<p style=\"text-align: center;\">Auf dem Brunnenhof verarbeiten wir unsere hofeigenen Erzeugnisse und stellen handwerklich feine Gefl\u00fcgelspezialit\u00e4ten, wie zum Beispiel Puten-Schnitzel, aber auch mariniertes Grillfleisch, wie zum Beispiel unser Landgockel-Fingerfood, her. Unsere Pute bietet siebenerlei Fleischsorten! Durch eine ausgefeilte Zerlegemethode k\u00f6nnen wir unter anderem Putenschnitzel aus der Brust und Geschnetzeltes aus der Oberkeule anbieten.<br \/>\nDer Landgockel wird ebenfalls zerlegt in Keule, Brust und Fl\u00fcgel, aus denen weitere feine Spezialit\u00e4ten entstehen.<br \/>\nWir produzieren in der Regel freitags, montags wird verarbeitet und verpackt, dienstags wird kommissioniert und f\u00fcr jeden Kunden zur Abholung oder Versendung vorbereitet. Frischer geht es nicht.[\/vc_column_text][\/vc_column][vc_column width=&#8220;1\/2&#8243;]<div class=\"ult-spacer spacer-69f289572926b\" data-id=\"69f289572926b\" data-height=\"\" data-height-mobile=\"\" data-height-tab=\"\" data-height-tab-portrait=\"\" data-height-mobile-landscape=\"\" style=\"clear:both;display:block;\"><\/div><div class=\"ult-spacer spacer-69f2895729274\" data-id=\"69f2895729274\" data-height=\"\" data-height-mobile=\"\" data-height-tab=\"\" data-height-tab-portrait=\"\" data-height-mobile-landscape=\"\" style=\"clear:both;display:block;\"><\/div><div class=\"ult-spacer spacer-69f289572927c\" data-id=\"69f289572927c\" data-height=\"\" data-height-mobile=\"\" data-height-tab=\"\" data-height-tab-portrait=\"\" data-height-mobile-landscape=\"\" style=\"clear:both;display:block;\"><\/div>[vc_images_carousel images=&#8220;237,238,236&#8243; img_size=&#8220;large&#8220; speed=&#8220;3000&#8243; slides_per_view=&#8220;2&#8243; autoplay=&#8220;yes&#8220; hide_pagination_control=&#8220;yes&#8220; wrap=&#8220;yes&#8220; css=&#8220;&#8220;][\/vc_column][\/vc_row][vc_row][vc_column width=&#8220;1\/2&#8243;][vc_gallery interval=&#8220;3&#8243; images=&#8220;400,405,404,403,402,401&#8243; img_size=&#8220;large&#8220; css=&#8220;&#8220;][\/vc_column][vc_column width=&#8220;1\/2&#8243;]<div class=\"ult-spacer spacer-69f2895729283\" data-id=\"69f2895729283\" data-height=\"\" data-height-mobile=\"\" data-height-tab=\"\" data-height-tab-portrait=\"\" data-height-mobile-landscape=\"\" style=\"clear:both;display:block;\"><\/div><div class=\"ult-spacer spacer-69f289572928b\" data-id=\"69f289572928b\" data-height=\"\" data-height-mobile=\"\" data-height-tab=\"\" data-height-tab-portrait=\"\" data-height-mobile-landscape=\"\" style=\"clear:both;display:block;\"><\/div><div class=\"ult-spacer spacer-69f2895729292\" data-id=\"69f2895729292\" data-height=\"\" data-height-mobile=\"\" data-height-tab=\"\" data-height-tab-portrait=\"\" data-height-mobile-landscape=\"\" style=\"clear:both;display:block;\"><\/div><div class=\"ult-spacer spacer-69f2895729299\" data-id=\"69f2895729299\" data-height=\"\" data-height-mobile=\"\" data-height-tab=\"\" data-height-tab-portrait=\"\" data-height-mobile-landscape=\"\" style=\"clear:both;display:block;\"><\/div><div class=\"ult-spacer spacer-69f28957292a1\" data-id=\"69f28957292a1\" data-height=\"\" data-height-mobile=\"\" data-height-tab=\"\" data-height-tab-portrait=\"\" data-height-mobile-landscape=\"\" style=\"clear:both;display:block;\"><\/div>[vc_column_text css=&#8220;&#8220;]<\/p>\n<p style=\"text-align: center;\">\u00dcber die Jahre haben wir ein regionales Netzwerk aufgebaut. F\u00fcr unsere Bio-Gefl\u00fcgelwurstspezialit\u00e4ten, wie zum Beispiel unsere Gefl\u00fcgel-Wienerle, arbeiten wir eng mit der <a href=\"https:\/\/www.metzgerei-allmendinger.de\/\" target=\"_blank\" rel=\"noopener\">Bioland-Metzgerei Allmendinger<\/a> zusammen. Unsere erg\u00e4nzenden Produkte, wie zum Beispiel der Gefl\u00fcgel-Fond f\u00fcr Suppen, stellt Martin Berstecher, Koch und Inhaber des <a href=\"https:\/\/www.roter-mohn.biz\/\" target=\"_blank\" rel=\"noopener\">Restaurants rotermohn<\/a> in Unterregenbach, exklusiv f\u00fcr uns her.<\/p>\n<p>[\/vc_column_text][\/vc_column][\/vc_row][vc_row][vc_column][vc_hoverbox image=&#8220;789&#8243; primary_title=&#8220;Unsere Lieblingsrezepte&#8220; primary_title_font_container=&#8220;color:%23000000&#8243; primary_title_use_theme_fonts=&#8220;yes&#8220; hover_title=&#8220;&#8220; use_custom_fonts_primary_title=&#8220;true&#8220;]<\/p>\n<h4><a href=\"https:\/\/gefluegelvombrunnenhof.de\/index.php\/rezeptsammlung\/\">Hier geht es zu unsere Rezeptsammlung zum St\u00f6bern und Inspirieren lassen&#8230;<\/a><\/h4>\n<p>[\/vc_hoverbox][\/vc_column][\/vc_row][vc_row][vc_column]<div class=\"ult-spacer spacer-69f28957292aa\" data-id=\"69f28957292aa\" data-height=\"10\" data-height-mobile=\"10\" data-height-tab=\"10\" data-height-tab-portrait=\"\" data-height-mobile-landscape=\"\" style=\"clear:both;display:block;\"><\/div><div class=\"ult-spacer spacer-69f28957292b3\" data-id=\"69f28957292b3\" data-height=\"10\" data-height-mobile=\"10\" data-height-tab=\"10\" data-height-tab-portrait=\"\" data-height-mobile-landscape=\"\" style=\"clear:both;display:block;\"><\/div>[vc_single_image image=&#8220;58&#8243; img_size=&#8220;large&#8220; alignment=&#8220;center&#8220; css=&#8220;&#8220;][\/vc_column][\/vc_row]<\/p>\n<\/div>","protected":false},"excerpt":{"rendered":"<p>[vc_row][vc_column][vc_column_text css=&#8220;&#8220;] Unsere Gefl\u00fcgelspezialit\u00e4ten werden frisch, ganz und zerlegt, vakuumverpackt, aber auch verarbeitet und als Wurst und R\u00e4ucherware im eigenen Hofladen verkauft. Dar\u00fcber hinaus liefern wir an gastronomische Betriebe, Naturkostl\u00e4den, Gemeinschaftsverpflegung, Naturkostgro\u00dfhandel, Einzelhandel sowie Hofl\u00e4den der Region. \u00dcbrigens: Interessierte k\u00f6nnen uns nach Absprache gerne besuchen und sich von unserer artgerechten und wesensgem\u00e4\u00dfen Gefl\u00fcgelhaltung \u00fcberzeugen. [\/vc_column_text][\/vc_column][\/vc_row][vc_row][vc_column width=&#8220;1\/4&#8243;][vc_hoverbox image=&#8220;149&#8243; primary_title=&#8220;&#8220; hover_title=&#8220;M\u00e4usdorfer Landgockel&#8220;]Als Braten oder als Fleischbeilage. Mehr lesen.[\/vc_hoverbox][\/vc_column][vc_column width=&#8220;1\/4&#8243;][vc_hoverbox image=&#8220;150&#8243; primary_title=&#8220;&#8220; hover_title=&#8220;M\u00e4usdorfer Landpute&#8220;]Von der Brust bis zur Keule, natur und mariniert. Mehr lesen.[\/vc_hoverbox][\/vc_column][vc_column width=&#8220;1\/4&#8243;][vc_hoverbox image=&#8220;143&#8243; primary_title=&#8220;&#8220; hover_title=&#8220;Bio-Gans&#8220;]F\u00fcr den besonderen Anlass. Mehr lesen. &nbsp;[\/vc_hoverbox][\/vc_column][vc_column width=&#8220;1\/4&#8243;][vc_hoverbox image=&#8220;144&#8243; primary_title=&#8220;&#8220; hover_title=&#8220;Bio-Ente&#8220;]F\u00fcr den festlichen Anlass. Mehr lesen.[\/vc_hoverbox][\/vc_column][\/vc_row][vc_row][vc_column][vc_separator color=&#8220;blue&#8220; css=&#8220;&#8220;][vc_btn title=&#8220;Alle Produkte sehen!&#8220; color=&#8220;blue&#8220; size=&#8220;lg&#8220; align=&#8220;center&#8220; css=&#8220;&#8220; link=&#8220;url:https%3A%2F%2Fgefluegelvombrunnenhof.de%2Fwp-content%2Fuploads%2F2025%2F06%2FGenusskatalog-mit-EV-Liste_ab-04_26.pdf|title:Genusskatalog|target:_blank&#8220;][\/vc_column][\/vc_row][vc_row][vc_column width=&#8220;1\/2&#8243;][vc_column_text css=&#8220;&#8220;] Hofeigene Bio-Gefl\u00fcgelspezialit\u00e4ten aus unserer Manufaktur Auf dem Brunnenhof verarbeiten wir unsere hofeigenen Erzeugnisse und stellen handwerklich feine Gefl\u00fcgelspezialit\u00e4ten, wie zum Beispiel Puten-Schnitzel, aber auch mariniertes Grillfleisch, wie zum Beispiel unser Landgockel-Fingerfood, her. Unsere Pute bietet siebenerlei Fleischsorten! Durch eine ausgefeilte Zerlegemethode k\u00f6nnen wir unter anderem Putenschnitzel aus der Brust und Geschnetzeltes aus der Oberkeule anbieten. Der Landgockel wird ebenfalls zerlegt in Keule, Brust und Fl\u00fcgel, aus denen weitere feine Spezialit\u00e4ten entstehen. Wir produzieren in der Regel freitags, montags wird verarbeitet und verpackt, dienstags wird kommissioniert und f\u00fcr jeden Kunden zur Abholung oder Versendung vorbereitet. Frischer geht es nicht.[\/vc_column_text][\/vc_column][vc_column width=&#8220;1\/2&#8243;][vc_images_carousel images=&#8220;237,238,236&#8243; img_size=&#8220;large&#8220; speed=&#8220;3000&#8243; slides_per_view=&#8220;2&#8243; autoplay=&#8220;yes&#8220; hide_pagination_control=&#8220;yes&#8220; wrap=&#8220;yes&#8220; css=&#8220;&#8220;][\/vc_column][\/vc_row][vc_row][vc_column width=&#8220;1\/2&#8243;][vc_gallery interval=&#8220;3&#8243; images=&#8220;400,405,404,403,402,401&#8243; img_size=&#8220;large&#8220; css=&#8220;&#8220;][\/vc_column][vc_column width=&#8220;1\/2&#8243;][vc_column_text css=&#8220;&#8220;] \u00dcber die Jahre haben wir ein regionales Netzwerk aufgebaut. F\u00fcr unsere Bio-Gefl\u00fcgelwurstspezialit\u00e4ten, wie zum Beispiel unsere Gefl\u00fcgel-Wienerle, arbeiten wir eng mit der Bioland-Metzgerei Allmendinger zusammen. Unsere erg\u00e4nzenden Produkte, wie zum Beispiel der Gefl\u00fcgel-Fond f\u00fcr Suppen, stellt Martin Berstecher, Koch und Inhaber des Restaurants rotermohn in Unterregenbach, exklusiv f\u00fcr uns her. [\/vc_column_text][\/vc_column][\/vc_row][vc_row][vc_column][vc_hoverbox image=&#8220;789&#8243; primary_title=&#8220;Unsere Lieblingsrezepte&#8220; primary_title_font_container=&#8220;color:%23000000&#8243; primary_title_use_theme_fonts=&#8220;yes&#8220; hover_title=&#8220;&#8220; use_custom_fonts_primary_title=&#8220;true&#8220;] Hier geht es zu unsere Rezeptsammlung zum St\u00f6bern und Inspirieren lassen&#8230; [\/vc_hoverbox][\/vc_column][\/vc_row][vc_row][vc_column][vc_single_image image=&#8220;58&#8243; img_size=&#8220;large&#8220; alignment=&#8220;center&#8220; css=&#8220;&#8220;][\/vc_column][\/vc_row]<\/p>\n","protected":false},"author":1,"featured_media":0,"parent":0,"menu_order":0,"comment_status":"closed","ping_status":"closed","template":"","meta":{"footnotes":""},"class_list":["post-140","page","type-page","status-publish","hentry"],"_links":{"self":[{"href":"https:\/\/gefluegelvombrunnenhof.de\/index.php\/wp-json\/wp\/v2\/pages\/140","targetHints":{"allow":["GET"]}}],"collection":[{"href":"https:\/\/gefluegelvombrunnenhof.de\/index.php\/wp-json\/wp\/v2\/pages"}],"about":[{"href":"https:\/\/gefluegelvombrunnenhof.de\/index.php\/wp-json\/wp\/v2\/types\/page"}],"author":[{"embeddable":true,"href":"https:\/\/gefluegelvombrunnenhof.de\/index.php\/wp-json\/wp\/v2\/users\/1"}],"replies":[{"embeddable":true,"href":"https:\/\/gefluegelvombrunnenhof.de\/index.php\/wp-json\/wp\/v2\/comments?post=140"}],"version-history":[{"count":38,"href":"https:\/\/gefluegelvombrunnenhof.de\/index.php\/wp-json\/wp\/v2\/pages\/140\/revisions"}],"predecessor-version":[{"id":790,"href":"https:\/\/gefluegelvombrunnenhof.de\/index.php\/wp-json\/wp\/v2\/pages\/140\/revisions\/790"}],"wp:attachment":[{"href":"https:\/\/gefluegelvombrunnenhof.de\/index.php\/wp-json\/wp\/v2\/media?parent=140"}],"curies":[{"name":"wp","href":"https:\/\/api.w.org\/{rel}","templated":true}]}}